{"id":1342,"date":"2025-04-29T12:06:21","date_gmt":"2025-04-29T12:06:21","guid":{"rendered":"https:\/\/supereggs.ro\/?page_id=1342"},"modified":"2025-07-23T07:35:40","modified_gmt":"2025-07-23T07:35:40","slug":"about-eurovo","status":"publish","type":"page","link":"https:\/\/supereggs.ro\/en\/about-us\/about-eurovo\/","title":{"rendered":"About Eurovo"},"content":{"rendered":"<div data-elementor-type=\"wp-page\" data-elementor-id=\"1342\" class=\"elementor elementor-1342\" data-elementor-post-type=\"page\">\n\t\t\t\t<section class=\"elementor-element elementor-element-dee79c2 section-xxs e-flex e-con-boxed e-con e-parent\" data-id=\"dee79c2\" data-element_type=\"container\" data-settings=\"{&quot;background_background&quot;:&quot;classic&quot;}\">\n\t\t\t\t\t<div class=\"e-con-inner\">\n\t\t<div class=\"elementor-element elementor-element-6f0ead4 e-con-full e-flex e-con e-child\" data-id=\"6f0ead4\" data-element_type=\"container\" data-settings=\"{&quot;background_background&quot;:&quot;classic&quot;}\">\n\t\t\t\t<div class=\"elementor-element elementor-element-0769276 elementor-widget elementor-widget-heading\" data-id=\"0769276\" data-element_type=\"widget\" data-widget_type=\"heading.default\">\n\t\t\t\t<div class=\"elementor-widget-container\">\n\t\t\t\t\t<h1 class=\"elementor-heading-title elementor-size-default\">About Eurovo<\/h1>\t\t\t\t<\/div>\n\t\t\t\t<\/div>\n\t\t\t\t<div class=\"elementor-element elementor-element-2b4b688 elementor-widget elementor-widget-text-editor\" data-id=\"2b4b688\" data-element_type=\"widget\" data-widget_type=\"text-editor.default\">\n\t\t\t\t<div class=\"elementor-widget-container\">\n\t\t\t\t\t\t\t\t\t<p>Part of the Eurovo Group, a European leader in the production of eggs and egg products, Super Eggs combines tradition with innovation to deliver superior quality products. Through complete control of the production chain and respect for nature, we ensure that every egg reaches you in the best possible condition.<\/p>\t\t\t\t\t\t\t\t<\/div>\n\t\t\t\t<\/div>\n\t\t\t\t<\/div>\n\t\t<div class=\"elementor-element elementor-element-74fa90b e-con-full e-flex e-con e-child\" data-id=\"74fa90b\" data-element_type=\"container\" data-settings=\"{&quot;background_background&quot;:&quot;classic&quot;}\">\n\t\t\t\t<div class=\"elementor-element elementor-element-05aca6b elementor-widget elementor-widget-heading\" data-id=\"05aca6b\" data-element_type=\"widget\" data-widget_type=\"heading.default\">\n\t\t\t\t<div class=\"elementor-widget-container\">\n\t\t\t\t\t<h2 class=\"elementor-heading-title elementor-size-default\"><a href=\"\/en\/about-us\/\">About Us<\/a><\/h2>\t\t\t\t<\/div>\n\t\t\t\t<\/div>\n\t\t\t\t<\/div>\n\t\t\t\t\t<\/div>\n\t\t\t\t<\/section>\n\t\t<section class=\"elementor-element elementor-element-a83ac92 section-xxs e-flex e-con-boxed e-con e-parent\" data-id=\"a83ac92\" data-element_type=\"container\">\n\t\t\t\t\t<div class=\"e-con-inner\">\n\t\t<div class=\"elementor-element elementor-element-d20c65b e-con-full animated-slow e-flex elementor-invisible e-con e-child\" data-id=\"d20c65b\" data-element_type=\"container\" data-settings=\"{&quot;animation&quot;:&quot;fadeIn&quot;,&quot;animation_delay&quot;:150}\">\n\t\t\t\t<div class=\"elementor-element elementor-element-6fa3861 elementor-widget elementor-widget-text-editor\" data-id=\"6fa3861\" data-element_type=\"widget\" data-widget_type=\"text-editor.default\">\n\t\t\t\t<div class=\"elementor-widget-container\">\n\t\t\t\t\t\t\t\t\t<p>Founded by Rainieri Lionello and his wife Anita in the middle of the last century, the Eurovo Group has now become a world leader in the production of eggs and egg products (egg powder and pasteurized eggs). Initially, the business consisted of manually breaking eggs, which were stored in large containers and then frozen. In 1965, Rainieri Lionello purchased the first egg-breaking machine, thus laying the foundations for the Eurovo Group as we know it today.<\/p><p>Since the opening of the first factory in 1970, in Santa Maria, Fabriago, Eurovo Group has gradually expanded, investing in new packaging centers, young birds\u2019 farms, laying hens\u2019 farms and compound feed factories. It currently owns 17 production factories in Italy and abroad (France, Spain, Romania and Poland).<\/p><p>At present Eurovo Group is owned by Lionello family, being an example of a family company, as it is led by the two sons of Rainieri, Siro and Ireno (Claudio), by the grandchildren Silvia and Federico and all persons who, together with them, are involved with great enthusiasm in achieving a dream that comes true every day.<\/p>\t\t\t\t\t\t\t\t<\/div>\n\t\t\t\t<\/div>\n\t\t\t\t<div class=\"elementor-element elementor-element-4f1b9c8 elementor-widget elementor-widget-image\" data-id=\"4f1b9c8\" data-element_type=\"widget\" data-widget_type=\"image.default\">\n\t\t\t\t<div class=\"elementor-widget-container\">\n\t\t\t\t\t\t\t\t\t\t\t\t\t\t\t<img decoding=\"async\" width=\"286\" height=\"86\" src=\"https:\/\/supereggs.ro\/wp-content\/uploads\/2025\/04\/logo-eurovo.webp\" class=\"attachment-large size-large wp-image-903\" alt=\"Grupul EUROVO\" srcset=\"https:\/\/supereggs.ro\/wp-content\/uploads\/2025\/04\/logo-eurovo.webp 286w, https:\/\/supereggs.ro\/wp-content\/uploads\/2025\/04\/logo-eurovo-18x5.webp 18w\" sizes=\"(max-width: 286px) 100vw, 286px\" \/>\t\t\t\t\t\t\t\t\t\t\t\t\t\t\t<\/div>\n\t\t\t\t<\/div>\n\t\t\t\t<\/div>\n\t\t<div class=\"elementor-element elementor-element-2638da5 e-con-full animated-slow e-flex elementor-invisible e-con e-child\" data-id=\"2638da5\" data-element_type=\"container\" data-settings=\"{&quot;animation&quot;:&quot;fadeIn&quot;,&quot;animation_delay&quot;:250}\">\n\t\t\t\t<div class=\"elementor-element elementor-element-939df1a elementor-widget elementor-widget-heading\" data-id=\"939df1a\" data-element_type=\"widget\" data-widget_type=\"heading.default\">\n\t\t\t\t<div class=\"elementor-widget-container\">\n\t\t\t\t\t<h3 class=\"elementor-heading-title elementor-size-default\">Eurovo Group's mission is to focus on meeting the needs of each customer, on continuous growth and constant focus on innovation.<\/h3>\t\t\t\t<\/div>\n\t\t\t\t<\/div>\n\t\t\t\t<div class=\"elementor-element elementor-element-a481574 elementor-widget elementor-widget-image\" data-id=\"a481574\" data-element_type=\"widget\" data-widget_type=\"image.default\">\n\t\t\t\t<div class=\"elementor-widget-container\">\n\t\t\t\t\t\t\t\t\t\t\t\t\t\t\t<img fetchpriority=\"high\" decoding=\"async\" width=\"800\" height=\"383\" src=\"https:\/\/supereggs.ro\/wp-content\/uploads\/2025\/04\/eurovo.webp\" class=\"attachment-large size-large wp-image-1360\" alt=\"\" srcset=\"https:\/\/supereggs.ro\/wp-content\/uploads\/2025\/04\/eurovo.webp 913w, https:\/\/supereggs.ro\/wp-content\/uploads\/2025\/04\/eurovo-300x144.webp 300w, https:\/\/supereggs.ro\/wp-content\/uploads\/2025\/04\/eurovo-768x368.webp 768w, https:\/\/supereggs.ro\/wp-content\/uploads\/2025\/04\/eurovo-18x9.webp 18w\" sizes=\"(max-width: 800px) 100vw, 800px\" \/>\t\t\t\t\t\t\t\t\t\t\t\t\t\t\t<\/div>\n\t\t\t\t<\/div>\n\t\t\t\t<div class=\"elementor-element elementor-element-62ba058 elementor-widget elementor-widget-text-editor\" data-id=\"62ba058\" data-element_type=\"widget\" data-widget_type=\"text-editor.default\">\n\t\t\t\t<div class=\"elementor-widget-container\">\n\t\t\t\t\t\t\t\t\t<p>Eurovo Group is aware that, in a constantly developing market, for meeting the demands of specialized companies and of consumers, it means thinking of specific and avant-garde carefully studied products, meeting the balance between modernity and tradition.<\/p><p>As well, the Eurovo Group believes that safety and product quality are guaranteed by the control of the entire chain of production. As such, compliance with and exceeding the quality standards is a primary objective of Eurovo, at all stages of processing: from the production of food for the own birds, the raising of chickens, to packaging the final product.<\/p><p>In the Eurovo Group vision, respecting nature is essential: it involves both the welfare of the own birds, and ensuring healthy products in harmony with the environment.<\/p><p>In order to meet consumer demands, the Eurovo Group has focused its investments on alternative farming systems: biological, outdoors and on the ground. The approach subsumed to sustainable development, supported by a strong culture of responsibility and social involvement with deep roots, turns to value in numerous projects aimed at reducing the environmental impact.<\/p><p>The Group's mission and vision are supported by a strong involvement of the Research and Development Department, engaged in studying new products daily, breeding systems, automation and technology.<\/p><p>Strong by tradition and by the solid foundations on which it appeared the Group looks to the future objectives with the spirit of the one that has always believed in the value of labor and innovation power.<\/p><p><strong>As part of the Eurovo Group, Super Eggs aligns both to its mission, vision, and to the values that it supports.<\/strong><\/p>\t\t\t\t\t\t\t\t<\/div>\n\t\t\t\t<\/div>\n\t\t\t\t<\/div>\n\t\t\t\t\t<\/div>\n\t\t\t\t<\/section>\n\t\t\t\t<\/div>","protected":false},"excerpt":{"rendered":"<p>Parte din Grupul Eurovo, lider european \u00een produc\u021bia de ou\u0103 \u0219i produse din ou, Super Eggs \u00eembin\u0103 tradi\u021bia cu inova\u021bia pentru a livra produse de calitate superioar\u0103. Prin controlul complet al lan\u021bului de produc\u021bie \u0219i respectul fa\u021b\u0103 de natur\u0103, ne asigur\u0103m c\u0103 fiecare ou ajunge la tine \u00een cele mai bune condi\u021bii. Despre noi \u00cenfiin\u021bat [&hellip;]<\/p>","protected":false},"author":1,"featured_media":0,"parent":1301,"menu_order":1,"comment_status":"closed","ping_status":"closed","template":"","meta":{"footnotes":""},"class_list":["post-1342","page","type-page","status-publish","hentry"],"_links":{"self":[{"href":"https:\/\/supereggs.ro\/en\/wp-json\/wp\/v2\/pages\/1342","targetHints":{"allow":["GET"]}}],"collection":[{"href":"https:\/\/supereggs.ro\/en\/wp-json\/wp\/v2\/pages"}],"about":[{"href":"https:\/\/supereggs.ro\/en\/wp-json\/wp\/v2\/types\/page"}],"author":[{"embeddable":true,"href":"https:\/\/supereggs.ro\/en\/wp-json\/wp\/v2\/users\/1"}],"replies":[{"embeddable":true,"href":"https:\/\/supereggs.ro\/en\/wp-json\/wp\/v2\/comments?post=1342"}],"version-history":[{"count":0,"href":"https:\/\/supereggs.ro\/en\/wp-json\/wp\/v2\/pages\/1342\/revisions"}],"up":[{"embeddable":true,"href":"https:\/\/supereggs.ro\/en\/wp-json\/wp\/v2\/pages\/1301"}],"wp:attachment":[{"href":"https:\/\/supereggs.ro\/en\/wp-json\/wp\/v2\/media?parent=1342"}],"curies":[{"name":"wp","href":"https:\/\/api.w.org\/{rel}","templated":true}]}}