{"id":1633,"date":"2025-05-06T06:22:54","date_gmt":"2025-05-06T06:22:54","guid":{"rendered":"https:\/\/supereggs.ro\/?page_id=1633"},"modified":"2025-07-23T08:40:59","modified_gmt":"2025-07-23T08:40:59","slug":"pasteurized-eggs","status":"publish","type":"page","link":"https:\/\/supereggs.ro\/en\/products\/pasteurized-eggs\/","title":{"rendered":"Pasteurized eggs"},"content":{"rendered":"<div data-elementor-type=\"wp-page\" data-elementor-id=\"1633\" class=\"elementor elementor-1633\" data-elementor-post-type=\"page\">\n\t\t\t\t<section class=\"elementor-element elementor-element-dee79c2 section-xxs e-flex e-con-boxed e-con e-parent\" data-id=\"dee79c2\" data-element_type=\"container\" data-settings=\"{&quot;background_background&quot;:&quot;classic&quot;}\">\n\t\t\t\t\t<div class=\"e-con-inner\">\n\t\t<div class=\"elementor-element elementor-element-6f0ead4 e-con-full e-flex e-con e-child\" data-id=\"6f0ead4\" data-element_type=\"container\" data-settings=\"{&quot;background_background&quot;:&quot;classic&quot;}\">\n\t\t\t\t<div class=\"elementor-element elementor-element-0769276 elementor-widget elementor-widget-heading\" data-id=\"0769276\" data-element_type=\"widget\" data-widget_type=\"heading.default\">\n\t\t\t\t<div class=\"elementor-widget-container\">\n\t\t\t\t\t<h1 class=\"elementor-heading-title elementor-size-default\">Pasteurized eggs<\/h1>\t\t\t\t<\/div>\n\t\t\t\t<\/div>\n\t\t\t\t<div class=\"elementor-element elementor-element-2b4b688 elementor-widget elementor-widget-text-editor\" data-id=\"2b4b688\" data-element_type=\"widget\" data-widget_type=\"text-editor.default\">\n\t\t\t\t<div class=\"elementor-widget-container\">\n\t\t\t\t\t\t\t\t\t<p>We offer pasteurized mixtures, egg whites or yolks, suitable for various areas of the food industry. The products are 100% natural and delivered in flexible packaging, from a few liters to industrial volumes.<\/p>\t\t\t\t\t\t\t\t<\/div>\n\t\t\t\t<\/div>\n\t\t\t\t<\/div>\n\t\t<div class=\"elementor-element elementor-element-74fa90b e-con-full e-flex e-con e-child\" data-id=\"74fa90b\" data-element_type=\"container\" data-settings=\"{&quot;background_background&quot;:&quot;classic&quot;}\">\n\t\t\t\t<div class=\"elementor-element elementor-element-05aca6b elementor-widget elementor-widget-heading\" data-id=\"05aca6b\" data-element_type=\"widget\" data-widget_type=\"heading.default\">\n\t\t\t\t<div class=\"elementor-widget-container\">\n\t\t\t\t\t<h2 class=\"elementor-heading-title elementor-size-default\"><a href=\"\/en\/products\/\">Products<\/a><\/h2>\t\t\t\t<\/div>\n\t\t\t\t<\/div>\n\t\t\t\t<\/div>\n\t\t\t\t\t<\/div>\n\t\t\t\t<\/section>\n\t\t<section class=\"elementor-element elementor-element-0c9b87b section-xxs e-flex e-con-boxed e-con e-parent\" data-id=\"0c9b87b\" data-element_type=\"container\">\n\t\t\t\t\t<div class=\"e-con-inner\">\n\t\t<div class=\"elementor-element elementor-element-819ed71 e-con-full animated-slow e-flex elementor-invisible e-con e-child\" data-id=\"819ed71\" data-element_type=\"container\" data-settings=\"{&quot;animation&quot;:&quot;fadeIn&quot;,&quot;animation_delay&quot;:150}\">\n\t\t\t\t<div class=\"elementor-element elementor-element-0ccfa21 elementor-widget elementor-widget-heading\" data-id=\"0ccfa21\" data-element_type=\"widget\" data-widget_type=\"heading.default\">\n\t\t\t\t<div class=\"elementor-widget-container\">\n\t\t\t\t\t<h3 class=\"elementor-heading-title elementor-size-default\">Super Eggs produces, packages, and delivers whole pasteurized egg mix, pasteurized egg whites, and pasteurized egg yolks.<\/h3>\t\t\t\t<\/div>\n\t\t\t\t<\/div>\n\t\t\t\t<div class=\"elementor-element elementor-element-d29902b elementor-widget elementor-widget-text-editor\" data-id=\"d29902b\" data-element_type=\"widget\" data-widget_type=\"text-editor.default\">\n\t\t\t\t<div class=\"elementor-widget-container\">\n\t\t\t\t\t\t\t\t\t<p>Pasteurized eggs are delivered both in 3kg, 5kg, 10kg and 20kg bag-in-boxes, in 1 ton tanks and in 20 tons road tankers.<\/p><p>\u00a0<\/p>\t\t\t\t\t\t\t\t<\/div>\n\t\t\t\t<\/div>\n\t\t\t\t<\/div>\n\t\t<div class=\"elementor-element elementor-element-13c69ab e-con-full animated-slow e-flex elementor-invisible e-con e-child\" data-id=\"13c69ab\" data-element_type=\"container\" data-settings=\"{&quot;animation&quot;:&quot;fadeIn&quot;,&quot;animation_delay&quot;:150}\">\n\t\t\t\t<div class=\"elementor-element elementor-element-fe64620 elementor-widget elementor-widget-gallery\" data-id=\"fe64620\" data-element_type=\"widget\" data-settings=\"{&quot;columns&quot;:2,&quot;gap&quot;:{&quot;unit&quot;:&quot;px&quot;,&quot;size&quot;:30,&quot;sizes&quot;:[]},&quot;gap_mobile&quot;:{&quot;unit&quot;:&quot;px&quot;,&quot;size&quot;:6,&quot;sizes&quot;:[]},&quot;aspect_ratio&quot;:&quot;4:3&quot;,&quot;lazyload&quot;:&quot;yes&quot;,&quot;gallery_layout&quot;:&quot;grid&quot;,&quot;columns_tablet&quot;:2,&quot;columns_mobile&quot;:1,&quot;gap_widescreen&quot;:{&quot;unit&quot;:&quot;px&quot;,&quot;size&quot;:&quot;&quot;,&quot;sizes&quot;:[]},&quot;gap_laptop&quot;:{&quot;unit&quot;:&quot;px&quot;,&quot;size&quot;:10,&quot;sizes&quot;:[]},&quot;gap_tablet_extra&quot;:{&quot;unit&quot;:&quot;px&quot;,&quot;size&quot;:10,&quot;sizes&quot;:[]},&quot;gap_tablet&quot;:{&quot;unit&quot;:&quot;px&quot;,&quot;size&quot;:10,&quot;sizes&quot;:[]},&quot;gap_mobile_extra&quot;:{&quot;unit&quot;:&quot;px&quot;,&quot;size&quot;:10,&quot;sizes&quot;:[]},&quot;link_to&quot;:&quot;file&quot;,&quot;overlay_background&quot;:&quot;yes&quot;,&quot;content_hover_animation&quot;:&quot;fade-in&quot;}\" data-widget_type=\"gallery.default\">\n\t\t\t\t<div class=\"elementor-widget-container\">\n\t\t\t\t\t\t\t<div class=\"elementor-gallery__container\">\n\t\t\t\t\t\t\t<a class=\"e-gallery-item elementor-gallery-item elementor-animated-content\" href=\"https:\/\/supereggs.ro\/wp-content\/uploads\/2025\/05\/albus.webp\" data-elementor-open-lightbox=\"yes\" data-elementor-lightbox-slideshow=\"fe64620\" data-elementor-lightbox-title=\"albus\" data-e-action-hash=\"#elementor-action%3Aaction%3Dlightbox%26settings%3DeyJpZCI6MjE1OSwidXJsIjoiaHR0cHM6XC9cL3N1cGVyZWdncy5yb1wvd3AtY29udGVudFwvdXBsb2Fkc1wvMjAyNVwvMDVcL2FsYnVzLndlYnAiLCJzbGlkZXNob3ciOiJmZTY0NjIwIn0%3D\">\n\t\t\t\t\t<div class=\"e-gallery-image elementor-gallery-item__image\" data-thumbnail=\"https:\/\/supereggs.ro\/wp-content\/uploads\/2025\/05\/albus-768x512.webp\" data-width=\"768\" data-height=\"512\" aria-label=\"\" role=\"img\" ><\/div>\n\t\t\t\t\t\t\t\t\t\t\t<div class=\"elementor-gallery-item__overlay\"><\/div>\n\t\t\t\t\t\t\t\t\t\t\t\t\t\t<\/a>\n\t\t\t\t\t\t\t<a class=\"e-gallery-item elementor-gallery-item elementor-animated-content\" href=\"https:\/\/supereggs.ro\/wp-content\/uploads\/2025\/05\/galbenus-mult.webp\" data-elementor-open-lightbox=\"yes\" data-elementor-lightbox-slideshow=\"fe64620\" data-elementor-lightbox-title=\"galbenus-mult\" data-e-action-hash=\"#elementor-action%3Aaction%3Dlightbox%26settings%3DeyJpZCI6MjEzOSwidXJsIjoiaHR0cHM6XC9cL3N1cGVyZWdncy5yb1wvd3AtY29udGVudFwvdXBsb2Fkc1wvMjAyNVwvMDVcL2dhbGJlbnVzLW11bHQud2VicCIsInNsaWRlc2hvdyI6ImZlNjQ2MjAifQ%3D%3D\">\n\t\t\t\t\t<div class=\"e-gallery-image elementor-gallery-item__image\" data-thumbnail=\"https:\/\/supereggs.ro\/wp-content\/uploads\/2025\/05\/galbenus-mult-768x512.webp\" data-width=\"768\" data-height=\"512\" aria-label=\"\" role=\"img\" ><\/div>\n\t\t\t\t\t\t\t\t\t\t\t<div class=\"elementor-gallery-item__overlay\"><\/div>\n\t\t\t\t\t\t\t\t\t\t\t\t\t\t<\/a>\n\t\t\t\t\t<\/div>\n\t\t\t\t\t<\/div>\n\t\t\t\t<\/div>\n\t\t\t\t<\/div>\n\t\t<div class=\"elementor-element elementor-element-2272947 e-con-full animated-slow e-flex elementor-invisible e-con e-child\" data-id=\"2272947\" data-element_type=\"container\" data-settings=\"{&quot;animation&quot;:&quot;fadeIn&quot;,&quot;animation_delay&quot;:300}\">\n\t\t\t\t<div class=\"elementor-element elementor-element-da8ea04 elementor-widget elementor-widget-heading\" data-id=\"da8ea04\" data-element_type=\"widget\" data-widget_type=\"heading.default\">\n\t\t\t\t<div class=\"elementor-widget-container\">\n\t\t\t\t\t<h3 class=\"elementor-heading-title elementor-size-default\">The pasteurized eggs are produced based on the data sheet provided by each customer so that it can use them according to the recipe sheets in the food area in which he operates.<\/h3>\t\t\t\t<\/div>\n\t\t\t\t<\/div>\n\t\t\t\t<div class=\"elementor-element elementor-element-4d7bbb9 elementor-widget elementor-widget-text-editor\" data-id=\"4d7bbb9\" data-element_type=\"widget\" data-widget_type=\"text-editor.default\">\n\t\t\t\t<div class=\"elementor-widget-container\">\n\t\t\t\t\t\t\t\t\t<p>The quality of fully pasteurized eggs, pasteurized egg whites, and pasteurized egg yolks is guaranteed by the fact that Super Eggs controls the entire production process, from the feed given to the hens to the manufacture of pasteurized eggs, and both the egg collection, sorting, and packaging centers and the pasteurized egg factory are IFS certified.<\/p>\t\t\t\t\t\t\t\t<\/div>\n\t\t\t\t<\/div>\n\t\t\t\t<\/div>\n\t\t\t\t\t<\/div>\n\t\t\t\t<\/section>\n\t\t\t\t<\/div>","protected":false},"excerpt":{"rendered":"<p>Oferim amestec pasteurizat, albu\u0219 sau g\u0103lbenu\u0219, potrivite pentru diverse domenii din industria alimentar\u0103. Produsele sunt 100% naturale \u0219i livrate \u00een ambalaje flexibile, de la c\u00e2\u021biva litri p\u00e2n\u0103 la volume industriale. Produse Super Eggs produce, ambaleaz\u0103 \u0219i livreaz\u0103 amestec pasteurizat integral, albu\u0219 pasteurizat \u0219i g\u0103lbenu\u0219 pasteurizat. Ou\u0103le pasteurizate se livreaz\u0103 at\u00e2t \u00een bag-in-box-uri de 3kg, 5kg, [&hellip;]<\/p>","protected":false},"author":1,"featured_media":0,"parent":1594,"menu_order":1,"comment_status":"closed","ping_status":"closed","template":"","meta":{"footnotes":""},"class_list":["post-1633","page","type-page","status-publish","hentry"],"_links":{"self":[{"href":"https:\/\/supereggs.ro\/en\/wp-json\/wp\/v2\/pages\/1633","targetHints":{"allow":["GET"]}}],"collection":[{"href":"https:\/\/supereggs.ro\/en\/wp-json\/wp\/v2\/pages"}],"about":[{"href":"https:\/\/supereggs.ro\/en\/wp-json\/wp\/v2\/types\/page"}],"author":[{"embeddable":true,"href":"https:\/\/supereggs.ro\/en\/wp-json\/wp\/v2\/users\/1"}],"replies":[{"embeddable":true,"href":"https:\/\/supereggs.ro\/en\/wp-json\/wp\/v2\/comments?post=1633"}],"version-history":[{"count":0,"href":"https:\/\/supereggs.ro\/en\/wp-json\/wp\/v2\/pages\/1633\/revisions"}],"up":[{"embeddable":true,"href":"https:\/\/supereggs.ro\/en\/wp-json\/wp\/v2\/pages\/1594"}],"wp:attachment":[{"href":"https:\/\/supereggs.ro\/en\/wp-json\/wp\/v2\/media?parent=1633"}],"curies":[{"name":"wp","href":"https:\/\/api.w.org\/{rel}","templated":true}]}}