{"id":1651,"date":"2025-05-06T07:17:57","date_gmt":"2025-05-06T07:17:57","guid":{"rendered":"https:\/\/supereggs.ro\/?page_id=1651"},"modified":"2025-07-23T08:42:50","modified_gmt":"2025-07-23T08:42:50","slug":"powdered-eggs","status":"publish","type":"page","link":"https:\/\/supereggs.ro\/en\/products\/powdered-eggs\/","title":{"rendered":"Powdered eggs"},"content":{"rendered":"<div data-elementor-type=\"wp-page\" data-elementor-id=\"1651\" class=\"elementor elementor-1651\" data-elementor-post-type=\"page\">\n\t\t\t\t<section class=\"elementor-element elementor-element-dee79c2 section-xxs e-flex e-con-boxed e-con e-parent\" data-id=\"dee79c2\" data-element_type=\"container\" data-settings=\"{&quot;background_background&quot;:&quot;classic&quot;}\">\n\t\t\t\t\t<div class=\"e-con-inner\">\n\t\t<div class=\"elementor-element elementor-element-6f0ead4 e-con-full e-flex e-con e-child\" data-id=\"6f0ead4\" data-element_type=\"container\" data-settings=\"{&quot;background_background&quot;:&quot;classic&quot;}\">\n\t\t\t\t<div class=\"elementor-element elementor-element-0769276 elementor-widget elementor-widget-heading\" data-id=\"0769276\" data-element_type=\"widget\" data-widget_type=\"heading.default\">\n\t\t\t\t<div class=\"elementor-widget-container\">\n\t\t\t\t\t<h1 class=\"elementor-heading-title elementor-size-default\">Powdered eggs<\/h1>\t\t\t\t<\/div>\n\t\t\t\t<\/div>\n\t\t\t\t<div class=\"elementor-element elementor-element-2b4b688 elementor-widget elementor-widget-text-editor\" data-id=\"2b4b688\" data-element_type=\"widget\" data-widget_type=\"text-editor.default\">\n\t\t\t\t<div class=\"elementor-widget-container\">\n\t\t\t\t\t\t\t\t\t<p>Our egg powder products \u2013 whole egg or egg yolk only \u2013 are efficiently packaged for industry and obtained through a fully controlled process, from farm to final product.<\/p>\t\t\t\t\t\t\t\t<\/div>\n\t\t\t\t<\/div>\n\t\t\t\t<\/div>\n\t\t<div class=\"elementor-element elementor-element-74fa90b e-con-full e-flex e-con e-child\" data-id=\"74fa90b\" data-element_type=\"container\" data-settings=\"{&quot;background_background&quot;:&quot;classic&quot;}\">\n\t\t\t\t<div class=\"elementor-element elementor-element-05aca6b elementor-widget elementor-widget-heading\" data-id=\"05aca6b\" data-element_type=\"widget\" data-widget_type=\"heading.default\">\n\t\t\t\t<div class=\"elementor-widget-container\">\n\t\t\t\t\t<h2 class=\"elementor-heading-title elementor-size-default\"><a href=\"\/en\/products\/\">Products<\/a><\/h2>\t\t\t\t<\/div>\n\t\t\t\t<\/div>\n\t\t\t\t<\/div>\n\t\t\t\t\t<\/div>\n\t\t\t\t<\/section>\n\t\t<section class=\"elementor-element elementor-element-0c9b87b section-xxs e-flex e-con-boxed e-con e-parent\" data-id=\"0c9b87b\" data-element_type=\"container\">\n\t\t\t\t\t<div class=\"e-con-inner\">\n\t\t<div class=\"elementor-element elementor-element-819ed71 e-con-full animated-slow e-flex elementor-invisible e-con e-child\" data-id=\"819ed71\" data-element_type=\"container\" data-settings=\"{&quot;animation&quot;:&quot;fadeIn&quot;,&quot;animation_delay&quot;:150}\">\n\t\t\t\t<div class=\"elementor-element elementor-element-0ccfa21 elementor-widget elementor-widget-heading\" data-id=\"0ccfa21\" data-element_type=\"widget\" data-widget_type=\"heading.default\">\n\t\t\t\t<div class=\"elementor-widget-container\">\n\t\t\t\t\t<h3 class=\"elementor-heading-title elementor-size-default\">Super Eggs produces, packages and delivers integral powdered eggs and yolk powder.<\/h3>\t\t\t\t<\/div>\n\t\t\t\t<\/div>\n\t\t\t\t<div class=\"elementor-element elementor-element-d29902b elementor-widget elementor-widget-text-editor\" data-id=\"d29902b\" data-element_type=\"widget\" data-widget_type=\"text-editor.default\">\n\t\t\t\t<div class=\"elementor-widget-container\">\n\t\t\t\t\t\t\t\t\t<p>The powdered eggs are supplied in 25 kg boxes and in 650 kg bag-in-boxes.<\/p><p>The warranty period for both integral powdered eggs and for the egg yolk powder is of 2 years from the date of manufacture.<\/p>\t\t\t\t\t\t\t\t<\/div>\n\t\t\t\t<\/div>\n\t\t\t\t<\/div>\n\t\t<div class=\"elementor-element elementor-element-13c69ab e-con-full animated-slow e-flex elementor-invisible e-con e-child\" data-id=\"13c69ab\" data-element_type=\"container\" data-settings=\"{&quot;animation&quot;:&quot;fadeIn&quot;,&quot;animation_delay&quot;:150}\">\n\t\t\t\t<div class=\"elementor-element elementor-element-e344e9d elementor-widget elementor-widget-gallery\" data-id=\"e344e9d\" data-element_type=\"widget\" data-settings=\"{&quot;columns&quot;:2,&quot;gap&quot;:{&quot;unit&quot;:&quot;px&quot;,&quot;size&quot;:30,&quot;sizes&quot;:[]},&quot;gap_mobile&quot;:{&quot;unit&quot;:&quot;px&quot;,&quot;size&quot;:6,&quot;sizes&quot;:[]},&quot;aspect_ratio&quot;:&quot;4:3&quot;,&quot;lazyload&quot;:&quot;yes&quot;,&quot;gallery_layout&quot;:&quot;grid&quot;,&quot;columns_tablet&quot;:2,&quot;columns_mobile&quot;:1,&quot;gap_widescreen&quot;:{&quot;unit&quot;:&quot;px&quot;,&quot;size&quot;:&quot;&quot;,&quot;sizes&quot;:[]},&quot;gap_laptop&quot;:{&quot;unit&quot;:&quot;px&quot;,&quot;size&quot;:10,&quot;sizes&quot;:[]},&quot;gap_tablet_extra&quot;:{&quot;unit&quot;:&quot;px&quot;,&quot;size&quot;:10,&quot;sizes&quot;:[]},&quot;gap_tablet&quot;:{&quot;unit&quot;:&quot;px&quot;,&quot;size&quot;:10,&quot;sizes&quot;:[]},&quot;gap_mobile_extra&quot;:{&quot;unit&quot;:&quot;px&quot;,&quot;size&quot;:10,&quot;sizes&quot;:[]},&quot;link_to&quot;:&quot;file&quot;,&quot;overlay_background&quot;:&quot;yes&quot;,&quot;content_hover_animation&quot;:&quot;fade-in&quot;}\" data-widget_type=\"gallery.default\">\n\t\t\t\t<div class=\"elementor-widget-container\">\n\t\t\t\t\t\t\t<div class=\"elementor-gallery__container\">\n\t\t\t\t\t\t\t<a class=\"e-gallery-item elementor-gallery-item elementor-animated-content\" href=\"https:\/\/supereggs.ro\/wp-content\/uploads\/2025\/05\/praf-de-oua.webp\" data-elementor-open-lightbox=\"yes\" data-elementor-lightbox-slideshow=\"e344e9d\" data-elementor-lightbox-title=\"praf-de-oua\" data-e-action-hash=\"#elementor-action%3Aaction%3Dlightbox%26settings%3DeyJpZCI6MjE1MCwidXJsIjoiaHR0cHM6XC9cL3N1cGVyZWdncy5yb1wvd3AtY29udGVudFwvdXBsb2Fkc1wvMjAyNVwvMDVcL3ByYWYtZGUtb3VhLndlYnAiLCJzbGlkZXNob3ciOiJlMzQ0ZTlkIn0%3D\">\n\t\t\t\t\t<div class=\"e-gallery-image elementor-gallery-item__image\" data-thumbnail=\"https:\/\/supereggs.ro\/wp-content\/uploads\/2025\/05\/praf-de-oua-768x512.webp\" data-width=\"768\" data-height=\"512\" aria-label=\"\" role=\"img\" ><\/div>\n\t\t\t\t\t\t\t\t\t\t\t<div class=\"elementor-gallery-item__overlay\"><\/div>\n\t\t\t\t\t\t\t\t\t\t\t\t\t\t<\/a>\n\t\t\t\t\t\t\t<a class=\"e-gallery-item elementor-gallery-item elementor-animated-content\" href=\"https:\/\/supereggs.ro\/wp-content\/uploads\/2025\/05\/praf-galbenus.webp\" data-elementor-open-lightbox=\"yes\" data-elementor-lightbox-slideshow=\"e344e9d\" data-elementor-lightbox-title=\"praf-galbenus\" data-e-action-hash=\"#elementor-action%3Aaction%3Dlightbox%26settings%3DeyJpZCI6MjEzNywidXJsIjoiaHR0cHM6XC9cL3N1cGVyZWdncy5yb1wvd3AtY29udGVudFwvdXBsb2Fkc1wvMjAyNVwvMDVcL3ByYWYtZ2FsYmVudXMud2VicCIsInNsaWRlc2hvdyI6ImUzNDRlOWQifQ%3D%3D\">\n\t\t\t\t\t<div class=\"e-gallery-image elementor-gallery-item__image\" data-thumbnail=\"https:\/\/supereggs.ro\/wp-content\/uploads\/2025\/05\/praf-galbenus-768x512.webp\" data-width=\"768\" data-height=\"512\" aria-label=\"\" role=\"img\" ><\/div>\n\t\t\t\t\t\t\t\t\t\t\t<div class=\"elementor-gallery-item__overlay\"><\/div>\n\t\t\t\t\t\t\t\t\t\t\t\t\t\t<\/a>\n\t\t\t\t\t<\/div>\n\t\t\t\t\t<\/div>\n\t\t\t\t<\/div>\n\t\t\t\t<\/div>\n\t\t<div class=\"elementor-element elementor-element-2272947 e-con-full animated-slow e-flex elementor-invisible e-con e-child\" data-id=\"2272947\" data-element_type=\"container\" data-settings=\"{&quot;animation&quot;:&quot;fadeIn&quot;,&quot;animation_delay&quot;:300}\">\n\t\t\t\t<div class=\"elementor-element elementor-element-da8ea04 elementor-widget elementor-widget-heading\" data-id=\"da8ea04\" data-element_type=\"widget\" data-widget_type=\"heading.default\">\n\t\t\t\t<div class=\"elementor-widget-container\">\n\t\t\t\t\t<h3 class=\"elementor-heading-title elementor-size-default\">The powdered eggs are produced based on the data sheet provided by each customer, so that it can use them according to the recipe sheets in the food area in which he operates.<\/h3>\t\t\t\t<\/div>\n\t\t\t\t<\/div>\n\t\t\t\t<div class=\"elementor-element elementor-element-4d7bbb9 elementor-widget elementor-widget-text-editor\" data-id=\"4d7bbb9\" data-element_type=\"widget\" data-widget_type=\"text-editor.default\">\n\t\t\t\t<div class=\"elementor-widget-container\">\n\t\t\t\t\t\t\t\t\t<p>The quality of whole egg powder and egg yolk powder is guaranteed by the fact that Super Eggs controls the entire production process, from the feed given to the hens to the manufacture of egg powder, and both the egg collection, sorting, and packaging centers and the pasteurized egg factory and egg powder factory are IFS certified.<\/p>\t\t\t\t\t\t\t\t<\/div>\n\t\t\t\t<\/div>\n\t\t\t\t<\/div>\n\t\t\t\t\t<\/div>\n\t\t\t\t<\/section>\n\t\t\t\t<\/div>","protected":false},"excerpt":{"rendered":"<p>Produsele noastre din praf de ou\u0103 \u2013 integral sau doar g\u0103lbenu\u0219 \u2013 sunt ambalate eficient pentru industrie \u0219i ob\u021binute printr-un proces controlat complet, de la ferm\u0103 p\u00e2n\u0103 la produsul final. Produse Super Eggs produce, ambaleaz\u0103 \u0219i livreaz\u0103 praf de ou\u0103 integral \u0219i praf de g\u0103lbenu\u0219. Praful de ou\u0103 este livrat la cutii de c\u00e2te 25kg [&hellip;]<\/p>","protected":false},"author":1,"featured_media":0,"parent":1594,"menu_order":2,"comment_status":"closed","ping_status":"closed","template":"","meta":{"footnotes":""},"class_list":["post-1651","page","type-page","status-publish","hentry"],"_links":{"self":[{"href":"https:\/\/supereggs.ro\/en\/wp-json\/wp\/v2\/pages\/1651","targetHints":{"allow":["GET"]}}],"collection":[{"href":"https:\/\/supereggs.ro\/en\/wp-json\/wp\/v2\/pages"}],"about":[{"href":"https:\/\/supereggs.ro\/en\/wp-json\/wp\/v2\/types\/page"}],"author":[{"embeddable":true,"href":"https:\/\/supereggs.ro\/en\/wp-json\/wp\/v2\/users\/1"}],"replies":[{"embeddable":true,"href":"https:\/\/supereggs.ro\/en\/wp-json\/wp\/v2\/comments?post=1651"}],"version-history":[{"count":0,"href":"https:\/\/supereggs.ro\/en\/wp-json\/wp\/v2\/pages\/1651\/revisions"}],"up":[{"embeddable":true,"href":"https:\/\/supereggs.ro\/en\/wp-json\/wp\/v2\/pages\/1594"}],"wp:attachment":[{"href":"https:\/\/supereggs.ro\/en\/wp-json\/wp\/v2\/media?parent=1651"}],"curies":[{"name":"wp","href":"https:\/\/api.w.org\/{rel}","templated":true}]}}