{"id":2174,"date":"2025-05-28T11:48:22","date_gmt":"2025-05-28T11:48:22","guid":{"rendered":"https:\/\/supereggs.ro\/?page_id=2174"},"modified":"2025-07-24T16:00:34","modified_gmt":"2025-07-24T16:00:34","slug":"certifications","status":"publish","type":"page","link":"https:\/\/supereggs.ro\/en\/certifications\/","title":{"rendered":"Certifications"},"content":{"rendered":"<div data-elementor-type=\"wp-page\" data-elementor-id=\"2174\" class=\"elementor elementor-2174\" data-elementor-post-type=\"page\">\n\t\t\t\t<section class=\"elementor-element elementor-element-dee79c2 section-xxs e-flex e-con-boxed e-con e-parent\" data-id=\"dee79c2\" data-element_type=\"container\" data-settings=\"{&quot;background_background&quot;:&quot;classic&quot;}\">\n\t\t\t\t\t<div class=\"e-con-inner\">\n\t\t<div class=\"elementor-element elementor-element-6f0ead4 e-con-full e-flex e-con e-child\" data-id=\"6f0ead4\" data-element_type=\"container\" data-settings=\"{&quot;background_background&quot;:&quot;classic&quot;}\">\n\t\t\t\t<div class=\"elementor-element elementor-element-0769276 elementor-widget elementor-widget-heading\" data-id=\"0769276\" data-element_type=\"widget\" data-widget_type=\"heading.default\">\n\t\t\t\t<div class=\"elementor-widget-container\">\n\t\t\t\t\t<h1 class=\"elementor-heading-title elementor-size-default\">Certifications<\/h1>\t\t\t\t<\/div>\n\t\t\t\t<\/div>\n\t\t\t\t<div class=\"elementor-element elementor-element-2b4b688 elementor-widget elementor-widget-text-editor\" data-id=\"2b4b688\" data-element_type=\"widget\" data-widget_type=\"text-editor.default\">\n\t\t\t\t<div class=\"elementor-widget-container\">\n\t\t\t\t\t\t\t\t\t<p>Quality Certifications - Supereggs Commitment to Excellence<\/p>\t\t\t\t\t\t\t\t<\/div>\n\t\t\t\t<\/div>\n\t\t\t\t<\/div>\n\t\t<div class=\"elementor-element elementor-element-74fa90b e-con-full e-flex e-con e-child\" data-id=\"74fa90b\" data-element_type=\"container\" data-settings=\"{&quot;background_background&quot;:&quot;classic&quot;}\">\n\t\t\t\t<div class=\"elementor-element elementor-element-05aca6b elementor-widget elementor-widget-heading\" data-id=\"05aca6b\" data-element_type=\"widget\" data-widget_type=\"heading.default\">\n\t\t\t\t<div class=\"elementor-widget-container\">\n\t\t\t\t\t<h2 class=\"elementor-heading-title elementor-size-default\">Quality<\/h2>\t\t\t\t<\/div>\n\t\t\t\t<\/div>\n\t\t\t\t<\/div>\n\t\t\t\t\t<\/div>\n\t\t\t\t<\/section>\n\t\t<section class=\"elementor-element elementor-element-0c9b87b section-xxs animated-slow e-flex e-con-boxed elementor-invisible e-con e-parent\" data-id=\"0c9b87b\" data-element_type=\"container\" data-settings=\"{&quot;animation&quot;:&quot;fadeIn&quot;}\">\n\t\t\t\t\t<div class=\"e-con-inner\">\n\t\t<div class=\"elementor-element elementor-element-819ed71 e-con-full animated-slow e-flex elementor-invisible e-con e-child\" data-id=\"819ed71\" data-element_type=\"container\" data-settings=\"{&quot;animation&quot;:&quot;fadeIn&quot;,&quot;animation_delay&quot;:150}\">\n\t\t\t\t<div class=\"elementor-element elementor-element-d29902b elementor-widget elementor-widget-text-editor\" data-id=\"d29902b\" data-element_type=\"widget\" data-widget_type=\"text-editor.default\">\n\t\t\t\t<div class=\"elementor-widget-container\">\n\t\t\t\t\t\t\t\t\t<p>At Supereggs, quality and food safety are not just promises, but rigorous standards implemented at every stage of the production process. By obtaining the international IFS and ETRS certifications for our work points in Romania, we reconfirm our commitment to the highest European standards in the food industry.<\/p>\t\t\t\t\t\t\t\t<\/div>\n\t\t\t\t<\/div>\n\t\t\t\t<div class=\"elementor-element elementor-element-2cbdc06 elementor-widget elementor-widget-heading\" data-id=\"2cbdc06\" data-element_type=\"widget\" data-widget_type=\"heading.default\">\n\t\t\t\t<div class=\"elementor-widget-container\">\n\t\t\t\t\t<h3 class=\"elementor-heading-title elementor-size-default\">Supereggs Boldur egg collection, sorting, and packaging center \u2013 operates under IFS certification<\/h3>\t\t\t\t<\/div>\n\t\t\t\t<\/div>\n\t\t\t\t<div class=\"elementor-element elementor-element-4897bff elementor-widget elementor-widget-text-editor\" data-id=\"4897bff\" data-element_type=\"widget\" data-widget_type=\"text-editor.default\">\n\t\t\t\t<div class=\"elementor-widget-container\">\n\t\t\t\t\t\t\t\t\t<p>The egg harvesting, sorting and packing centre in Boldur, Timis County, has been certified according to the international standard IFS Food Version 8 at a superior level. This certification attests compliance with the strict requirements of hygiene, food safety, traceability and quality management, specific to the European agri-food industry.<\/p><p>The certified sorting and packing of table eggs into trays and crates is carried out in a fully controlled system, subject to regular (including unannounced) audits to ensure that the eggs reach the consumer with the highest quality standards.<\/p>\t\t\t\t\t\t\t\t<\/div>\n\t\t\t\t<\/div>\n\t\t\t\t<\/div>\n\t\t<div class=\"elementor-element elementor-element-2a1cff9 e-con-full animated-slow e-flex elementor-invisible e-con e-child\" data-id=\"2a1cff9\" data-element_type=\"container\" data-settings=\"{&quot;animation&quot;:&quot;fadeIn&quot;,&quot;animation_delay&quot;:150}\">\n\t\t\t\t<div class=\"elementor-element elementor-element-0942a02 elementor-widget elementor-widget-image\" data-id=\"0942a02\" data-element_type=\"widget\" data-widget_type=\"image.default\">\n\t\t\t\t<div class=\"elementor-widget-container\">\n\t\t\t\t\t\t\t\t\t\t\t\t\t\t\t\t<a href=\"https:\/\/supereggs.ro\/wp-content\/uploads\/2025\/05\/2410001-Certificat-Super-Eggs-Boldur-2025.jpg\" data-elementor-open-lightbox=\"yes\" data-elementor-lightbox-title=\"2410001-Certificat-Super-Eggs--Boldur-2025\" data-e-action-hash=\"#elementor-action%3Aaction%3Dlightbox%26settings%3DeyJpZCI6MjE3NywidXJsIjoiaHR0cHM6XC9cL3N1cGVyZWdncy5yb1wvd3AtY29udGVudFwvdXBsb2Fkc1wvMjAyNVwvMDVcLzI0MTAwMDEtQ2VydGlmaWNhdC1TdXBlci1FZ2dzLUJvbGR1ci0yMDI1LmpwZyJ9\">\n\t\t\t\t\t\t\t<img fetchpriority=\"high\" decoding=\"async\" width=\"1200\" height=\"1696\" src=\"https:\/\/supereggs.ro\/wp-content\/uploads\/2025\/05\/2410001-Certificat-Super-Eggs-Boldur-2025.jpg\" class=\"attachment-full size-full wp-image-2177\" alt=\"\" srcset=\"https:\/\/supereggs.ro\/wp-content\/uploads\/2025\/05\/2410001-Certificat-Super-Eggs-Boldur-2025.jpg 1200w, https:\/\/supereggs.ro\/wp-content\/uploads\/2025\/05\/2410001-Certificat-Super-Eggs-Boldur-2025-212x300.jpg 212w, https:\/\/supereggs.ro\/wp-content\/uploads\/2025\/05\/2410001-Certificat-Super-Eggs-Boldur-2025-725x1024.jpg 725w, https:\/\/supereggs.ro\/wp-content\/uploads\/2025\/05\/2410001-Certificat-Super-Eggs-Boldur-2025-768x1085.jpg 768w, https:\/\/supereggs.ro\/wp-content\/uploads\/2025\/05\/2410001-Certificat-Super-Eggs-Boldur-2025-1087x1536.jpg 1087w, https:\/\/supereggs.ro\/wp-content\/uploads\/2025\/05\/2410001-Certificat-Super-Eggs-Boldur-2025-8x12.jpg 8w\" sizes=\"(max-width: 1200px) 100vw, 1200px\" \/>\t\t\t\t\t\t\t\t<\/a>\n\t\t\t\t\t\t\t\t\t\t\t\t\t\t\t<\/div>\n\t\t\t\t<\/div>\n\t\t\t\t<\/div>\n\t\t<div class=\"elementor-element elementor-element-2272947 e-con-full animated-slow e-flex elementor-invisible e-con e-child\" data-id=\"2272947\" data-element_type=\"container\" data-settings=\"{&quot;animation&quot;:&quot;fadeIn&quot;,&quot;animation_delay&quot;:300}\">\n\t\t\t\t<div class=\"elementor-element elementor-element-da8ea04 elementor-widget elementor-widget-heading\" data-id=\"da8ea04\" data-element_type=\"widget\" data-widget_type=\"heading.default\">\n\t\t\t\t<div class=\"elementor-widget-container\">\n\t\t\t\t\t<h3 class=\"elementor-heading-title elementor-size-default\">Supereggs Br\u0103ila centers operating under IFS Certifications<\/h3>\t\t\t\t<\/div>\n\t\t\t\t<\/div>\n\t\t\t\t<div class=\"elementor-element elementor-element-4d7bbb9 elementor-widget elementor-widget-text-editor\" data-id=\"4d7bbb9\" data-element_type=\"widget\" data-widget_type=\"text-editor.default\">\n\t\t\t\t<div class=\"elementor-widget-container\">\n\t\t\t\t\t\t\t\t\t<p>1. Egg collection, sorting, and packaging center<br \/>2. Liquid egg pasteurization section <br \/>3. Egg powder factory<\/p><p>This official recognition consolidates Supereggs' position among the top companies in Romania that comply not only with national legislation but also with European standards on food safety, animal welfare, and supply chain sustainability.<\/p>\t\t\t\t\t\t\t\t<\/div>\n\t\t\t\t<\/div>\n\t\t\t\t<\/div>\n\t\t<div class=\"elementor-element elementor-element-ad0037e e-con-full animated-slow e-flex elementor-invisible e-con e-child\" data-id=\"ad0037e\" data-element_type=\"container\" data-settings=\"{&quot;animation&quot;:&quot;fadeIn&quot;,&quot;animation_delay&quot;:150}\">\n\t\t\t\t<div class=\"elementor-element elementor-element-1fdb7bf elementor-widget elementor-widget-image\" data-id=\"1fdb7bf\" data-element_type=\"widget\" data-widget_type=\"image.default\">\n\t\t\t\t<div class=\"elementor-widget-container\">\n\t\t\t\t\t\t\t\t\t\t\t\t\t\t\t\t<a href=\"https:\/\/supereggs.ro\/wp-content\/uploads\/2025\/05\/certificari-braila-2025-1.jpg\" data-elementor-open-lightbox=\"yes\" data-elementor-lightbox-title=\"certificari-braila-2025-1\" data-e-action-hash=\"#elementor-action%3Aaction%3Dlightbox%26settings%3DeyJpZCI6MjE4MSwidXJsIjoiaHR0cHM6XC9cL3N1cGVyZWdncy5yb1wvd3AtY29udGVudFwvdXBsb2Fkc1wvMjAyNVwvMDVcL2NlcnRpZmljYXJpLWJyYWlsYS0yMDI1LTEuanBnIn0%3D\">\n\t\t\t\t\t\t\t<img decoding=\"async\" width=\"724\" height=\"1024\" src=\"https:\/\/supereggs.ro\/wp-content\/uploads\/2025\/05\/certificari-braila-2025-1-724x1024.jpg\" class=\"attachment-large size-large wp-image-2181\" alt=\"\" srcset=\"https:\/\/supereggs.ro\/wp-content\/uploads\/2025\/05\/certificari-braila-2025-1-724x1024.jpg 724w, https:\/\/supereggs.ro\/wp-content\/uploads\/2025\/05\/certificari-braila-2025-1-212x300.jpg 212w, https:\/\/supereggs.ro\/wp-content\/uploads\/2025\/05\/certificari-braila-2025-1-768x1086.jpg 768w, https:\/\/supereggs.ro\/wp-content\/uploads\/2025\/05\/certificari-braila-2025-1-1086x1536.jpg 1086w, https:\/\/supereggs.ro\/wp-content\/uploads\/2025\/05\/certificari-braila-2025-1-8x12.jpg 8w, https:\/\/supereggs.ro\/wp-content\/uploads\/2025\/05\/certificari-braila-2025-1.jpg 1200w\" sizes=\"(max-width: 724px) 100vw, 724px\" \/>\t\t\t\t\t\t\t\t<\/a>\n\t\t\t\t\t\t\t\t\t\t\t\t\t\t\t<\/div>\n\t\t\t\t<\/div>\n\t\t\t\t<div class=\"elementor-element elementor-element-b5f0f1b elementor-widget elementor-widget-image\" data-id=\"b5f0f1b\" data-element_type=\"widget\" data-widget_type=\"image.default\">\n\t\t\t\t<div class=\"elementor-widget-container\">\n\t\t\t\t\t\t\t\t\t\t\t\t\t\t\t\t<a href=\"https:\/\/supereggs.ro\/wp-content\/uploads\/2025\/05\/certificari-braila-2025-2.jpg\" data-elementor-open-lightbox=\"yes\" data-elementor-lightbox-title=\"certificari-braila-2025-2\" data-e-action-hash=\"#elementor-action%3Aaction%3Dlightbox%26settings%3DeyJpZCI6MjE4MiwidXJsIjoiaHR0cHM6XC9cL3N1cGVyZWdncy5yb1wvd3AtY29udGVudFwvdXBsb2Fkc1wvMjAyNVwvMDVcL2NlcnRpZmljYXJpLWJyYWlsYS0yMDI1LTIuanBnIn0%3D\">\n\t\t\t\t\t\t\t<img decoding=\"async\" width=\"724\" height=\"1024\" src=\"https:\/\/supereggs.ro\/wp-content\/uploads\/2025\/05\/certificari-braila-2025-2-724x1024.jpg\" class=\"attachment-large size-large wp-image-2182\" alt=\"\" srcset=\"https:\/\/supereggs.ro\/wp-content\/uploads\/2025\/05\/certificari-braila-2025-2-724x1024.jpg 724w, https:\/\/supereggs.ro\/wp-content\/uploads\/2025\/05\/certificari-braila-2025-2-212x300.jpg 212w, https:\/\/supereggs.ro\/wp-content\/uploads\/2025\/05\/certificari-braila-2025-2-768x1086.jpg 768w, https:\/\/supereggs.ro\/wp-content\/uploads\/2025\/05\/certificari-braila-2025-2-1086x1536.jpg 1086w, https:\/\/supereggs.ro\/wp-content\/uploads\/2025\/05\/certificari-braila-2025-2-8x12.jpg 8w, https:\/\/supereggs.ro\/wp-content\/uploads\/2025\/05\/certificari-braila-2025-2.jpg 1200w\" sizes=\"(max-width: 724px) 100vw, 724px\" \/>\t\t\t\t\t\t\t\t<\/a>\n\t\t\t\t\t\t\t\t\t\t\t\t\t\t\t<\/div>\n\t\t\t\t<\/div>\n\t\t\t\t<\/div>\n\t\t\t\t<div class=\"elementor-element elementor-element-1a52231 elementor-widget elementor-widget-heading\" data-id=\"1a52231\" data-element_type=\"widget\" data-widget_type=\"heading.default\">\n\t\t\t\t<div class=\"elementor-widget-container\">\n\t\t\t\t\t<h3 class=\"elementor-heading-title elementor-size-default\">Super Eggs also holds ETRS certification for all locations.<\/h3>\t\t\t\t<\/div>\n\t\t\t\t<\/div>\n\t\t<div class=\"elementor-element elementor-element-b8b5a2f e-con-full animated-slow e-flex elementor-invisible e-con e-child\" data-id=\"b8b5a2f\" data-element_type=\"container\" data-settings=\"{&quot;animation&quot;:&quot;fadeIn&quot;,&quot;animation_delay&quot;:300}\">\n\t\t\t\t<div class=\"elementor-element elementor-element-0bc6937 elementor-widget elementor-widget-text-editor\" data-id=\"0bc6937\" data-element_type=\"widget\" data-widget_type=\"text-editor.default\">\n\t\t\t\t<div class=\"elementor-widget-container\">\n\t\t\t\t\t\t\t\t\t<ul><li>ETRS certification validates that a company complies with ethical standards in its supply chain, including fair labour practices, safe working conditions and respect for human rights.\u00a0<\/li><li>It is a tool to improve quality and transparency in sourcing, helping companies manage ethical and sourcing risks.\u00a0<\/li><li>It helps improve brand image and consumer confidence by demonstrating commitment to responsible practices.\u00a0<\/li><li>BRC Global Standard, which awards ETRS certification, is an international organisation that sets standards for food safety and product integrity.\u00a0<\/li><\/ul>\t\t\t\t\t\t\t\t<\/div>\n\t\t\t\t<\/div>\n\t\t\t\t<div class=\"elementor-element elementor-element-ac93897 elementor-widget elementor-widget-text-editor\" data-id=\"ac93897\" data-element_type=\"widget\" data-widget_type=\"text-editor.default\">\n\t\t\t\t<div class=\"elementor-widget-container\">\n\t\t\t\t\t\t\t\t\t<ul><li>Improves company credibility and market position.<\/li><li>Minimises the risks associated with ethical sourcing and ensures responsible sourcing.<\/li><li>It helps the company adapt more easily to the growing demands of consumers and authorities.<\/li><li>It contributes to a more transparent and secure supply chain.<\/li><li>It facilitates access to new markets and partnerships with companies and organisations that value ETRS certification.\u00a0<\/li><\/ul>\t\t\t\t\t\t\t\t<\/div>\n\t\t\t\t<\/div>\n\t\t\t\t<\/div>\n\t\t\t\t\t<\/div>\n\t\t\t\t<\/section>\n\t\t\t\t<\/div>","protected":false},"excerpt":{"rendered":"<p>Certific\u0103ri de Calitate \u2013 Angajamentul Supereggs pentru Excelen\u021b\u0103 Calitate La Supereggs, calitatea \u0219i siguran\u021ba alimentar\u0103 nu sunt doar promisiuni, ci standarde riguroase implementate \u00een fiecare etap\u0103 a procesului de produc\u021bie. Prin ob\u021binerea certific\u0103rilor interna\u021bionale IFS \u0219i ETRS pentru punctele noastre de lucru noastre din Rom\u00e2nia, reconfirm\u0103m angajamentul nostru fa\u021b\u0103 de cele mai \u00eenalte norme europene [&hellip;]<\/p>","protected":false},"author":1,"featured_media":0,"parent":0,"menu_order":4,"comment_status":"closed","ping_status":"closed","template":"","meta":{"footnotes":""},"class_list":["post-2174","page","type-page","status-publish","hentry"],"_links":{"self":[{"href":"https:\/\/supereggs.ro\/en\/wp-json\/wp\/v2\/pages\/2174","targetHints":{"allow":["GET"]}}],"collection":[{"href":"https:\/\/supereggs.ro\/en\/wp-json\/wp\/v2\/pages"}],"about":[{"href":"https:\/\/supereggs.ro\/en\/wp-json\/wp\/v2\/types\/page"}],"author":[{"embeddable":true,"href":"https:\/\/supereggs.ro\/en\/wp-json\/wp\/v2\/users\/1"}],"replies":[{"embeddable":true,"href":"https:\/\/supereggs.ro\/en\/wp-json\/wp\/v2\/comments?post=2174"}],"version-history":[{"count":0,"href":"https:\/\/supereggs.ro\/en\/wp-json\/wp\/v2\/pages\/2174\/revisions"}],"wp:attachment":[{"href":"https:\/\/supereggs.ro\/en\/wp-json\/wp\/v2\/media?parent=2174"}],"curies":[{"name":"wp","href":"https:\/\/api.w.org\/{rel}","templated":true}]}}