{"id":800,"date":"2025-04-11T11:53:54","date_gmt":"2025-04-11T11:53:54","guid":{"rendered":"https:\/\/supereggs.ro\/?page_id=800"},"modified":"2025-05-01T09:57:03","modified_gmt":"2025-05-01T09:57:03","slug":"cookies-policy","status":"publish","type":"page","link":"https:\/\/supereggs.ro\/en\/cookies-policy\/","title":{"rendered":"Cookies policy"},"content":{"rendered":"<div data-elementor-type=\"wp-page\" data-elementor-id=\"800\" class=\"elementor elementor-800\" data-elementor-post-type=\"page\">\n\t\t\t\t<section class=\"elementor-element elementor-element-26a6239 section-xxs e-flex e-con-boxed e-con e-parent\" data-id=\"26a6239\" data-element_type=\"container\" data-settings=\"{&quot;background_background&quot;:&quot;classic&quot;}\">\n\t\t\t\t\t<div class=\"e-con-inner\">\n\t\t<div class=\"elementor-element elementor-element-c79cc78 e-con-full e-flex e-con e-child\" data-id=\"c79cc78\" data-element_type=\"container\" data-settings=\"{&quot;background_background&quot;:&quot;classic&quot;}\">\n\t\t\t\t<div class=\"elementor-element elementor-element-64cfcbb elementor-widget elementor-widget-heading\" data-id=\"64cfcbb\" data-element_type=\"widget\" data-widget_type=\"heading.default\">\n\t\t\t\t<div class=\"elementor-widget-container\">\n\t\t\t\t\t<h1 class=\"elementor-heading-title elementor-size-default\">Cookies policy<\/h1>\t\t\t\t<\/div>\n\t\t\t\t<\/div>\n\t\t\t\t<div class=\"elementor-element elementor-element-3ab55f0 elementor-widget elementor-widget-text-editor\" data-id=\"3ab55f0\" data-element_type=\"widget\" data-widget_type=\"text-editor.default\">\n\t\t\t\t<div class=\"elementor-widget-container\">\n\t\t\t\t\t\t\t\t\t<p>We use cookies to improve your website experience. Find out more about how and why we use them.<\/p>\t\t\t\t\t\t\t\t<\/div>\n\t\t\t\t<\/div>\n\t\t\t\t<\/div>\n\t\t<div class=\"elementor-element elementor-element-d043d06 e-con-full e-flex e-con e-child\" data-id=\"d043d06\" data-element_type=\"container\" data-settings=\"{&quot;background_background&quot;:&quot;classic&quot;}\">\n\t\t\t\t<div class=\"elementor-element elementor-element-ebf789e elementor-widget elementor-widget-heading\" data-id=\"ebf789e\" data-element_type=\"widget\" data-widget_type=\"heading.default\">\n\t\t\t\t<div class=\"elementor-widget-container\">\n\t\t\t\t\t<h2 class=\"elementor-heading-title elementor-size-default\">GDPR<\/h2>\t\t\t\t<\/div>\n\t\t\t\t<\/div>\n\t\t\t\t<\/div>\n\t\t\t\t\t<\/div>\n\t\t\t\t<\/section>\n\t\t<section class=\"elementor-element elementor-element-7e2a129 section-xxs e-flex e-con-boxed e-con e-parent\" data-id=\"7e2a129\" data-element_type=\"container\">\n\t\t\t\t\t<div class=\"e-con-inner\">\n\t\t\t\t<div class=\"elementor-element elementor-element-47a1efa elementor-widget elementor-widget-text-editor\" data-id=\"47a1efa\" data-element_type=\"widget\" data-widget_type=\"text-editor.default\">\n\t\t\t\t<div class=\"elementor-widget-container\">\n\t\t\t\t\t\t\t\t\t<h5><strong>Dear customer,<\/strong><\/h5><p>supereggs.ro uses cookies to ensure a pleasant browsing experience and to provide you with convenient online services (e.g. online privacy preferences, site language options, etc.).<\/p><p>Because Super Eggs attaches importance to transparency towards you, we present some useful information about the cookies used on www.supereggs.ro.<\/p>\t\t\t\t\t\t\t\t<\/div>\n\t\t\t\t<\/div>\n\t\t\t\t<div class=\"elementor-element elementor-element-493bb52 elementor-widget elementor-widget-heading\" data-id=\"493bb52\" data-element_type=\"widget\" data-widget_type=\"heading.default\">\n\t\t\t\t<div class=\"elementor-widget-container\">\n\t\t\t\t\t<h2 class=\"elementor-heading-title elementor-size-default\">What is a cookie?<\/h2>\t\t\t\t<\/div>\n\t\t\t\t<\/div>\n\t\t\t\t<div class=\"elementor-element elementor-element-6c66106 elementor-widget elementor-widget-text-editor\" data-id=\"6c66106\" data-element_type=\"widget\" data-widget_type=\"text-editor.default\">\n\t\t\t\t<div class=\"elementor-widget-container\">\n\t\t\t\t\t\t\t\t\t<p>We try to make your experience as simple and useful as possible when you interact with supereggs.ro. When you visit the supereggs.ro website, our server sends a cookie to your computer. Cookies are used to store information and sometimes to track information about site usage. There are cookies that expire when you close your browser, while others are used to remember certain information for your next visit to supereggs.co.uk, and they expire after a longer period of time.<\/p><p>Cookies may be set by the website you visit (\"first party cookies\") or they may be set by other websites that display information on the page you visit (\"third party cookies\").<\/p>\t\t\t\t\t\t\t\t<\/div>\n\t\t\t\t<\/div>\n\t\t\t\t<div class=\"elementor-element elementor-element-2e94029 elementor-widget elementor-widget-heading\" data-id=\"2e94029\" data-element_type=\"widget\" data-widget_type=\"heading.default\">\n\t\t\t\t<div class=\"elementor-widget-container\">\n\t\t\t\t\t<h2 class=\"elementor-heading-title elementor-size-default\">How do we use cookies?<\/h2>\t\t\t\t<\/div>\n\t\t\t\t<\/div>\n\t\t\t\t<div class=\"elementor-element elementor-element-61725a3 elementor-widget elementor-widget-text-editor\" data-id=\"61725a3\" data-element_type=\"widget\" data-widget_type=\"text-editor.default\">\n\t\t\t\t<div class=\"elementor-widget-container\">\n\t\t\t\t\t\t\t\t\t<p>We use cookies to:<br \/>- Remembering that you have visited us previously means we can identify the number of unique visitors we receive, allowing us to be sure that we have sufficient resources based on the number of visits.<br \/>- customize the commercial elements on our website.<br \/>- to collect anonymous statistics about how the site is used (including how long a user spends on the site) and where our visitors come from, so that we can improve the site and find out which categories are most visited<\/p><p>Some cookies used by our website are set by us and others by third parties who deliver services for us.<\/p>\t\t\t\t\t\t\t\t<\/div>\n\t\t\t\t<\/div>\n\t\t\t\t<div class=\"elementor-element elementor-element-6b95f65 elementor-widget elementor-widget-heading\" data-id=\"6b95f65\" data-element_type=\"widget\" data-widget_type=\"heading.default\">\n\t\t\t\t<div class=\"elementor-widget-container\">\n\t\t\t\t\t<h2 class=\"elementor-heading-title elementor-size-default\">How can I manage cookies?<\/h2>\t\t\t\t<\/div>\n\t\t\t\t<\/div>\n\t\t\t\t<div class=\"elementor-element elementor-element-8317647 elementor-widget elementor-widget-text-editor\" data-id=\"8317647\" data-element_type=\"widget\" data-widget_type=\"text-editor.default\">\n\t\t\t\t<div class=\"elementor-widget-container\">\n\t\t\t\t\t\t\t\t\t<p>Most browsers, smartphones and other internet-connected devices are set to accept cookies.<\/p><p>You have different options to manage cookies. You can change your browser settings to prevent cookies from being accepted or, depending on the browser you are using, you can receive an alert when a website tries to place a cookie on your browser. With most browsers you can accept cookies from the originating website (first party cookies) and refuse cookies belonging to another website (third party cookies).<\/p><p>You can delete cookies stored in your browser using a browser feature. This does not mean that your browser will stop collecting cookies in the future, but it does give you the freedom to delete cookies after you have been online.<\/p><p>Deleting cookies on one device does not automatically delete them on another device you use. You must delete all information from all browsers and all devices used, independently.<\/p><p>You can find information about controlling cookies here: <a href=\"https:\/\/aboutcookies.org\" target=\"_blank\" rel=\"noopener\">www.aboutcookies.org<\/a>.<\/p><p>Please note that when you block or delete cookies used by this site, you will not be able to take full advantage of all the benefits offered by supereggs.ro.<\/p>\t\t\t\t\t\t\t\t<\/div>\n\t\t\t\t<\/div>\n\t\t\t\t<div class=\"elementor-element elementor-element-4d2576c elementor-widget elementor-widget-heading\" data-id=\"4d2576c\" data-element_type=\"widget\" data-widget_type=\"heading.default\">\n\t\t\t\t<div class=\"elementor-widget-container\">\n\t\t\t\t\t<h3 class=\"elementor-heading-title elementor-size-default\">Do I have to accept cookies?<\/h3>\t\t\t\t<\/div>\n\t\t\t\t<\/div>\n\t\t\t\t<div class=\"elementor-element elementor-element-9559b13 elementor-widget elementor-widget-text-editor\" data-id=\"9559b13\" data-element_type=\"widget\" data-widget_type=\"text-editor.default\">\n\t\t\t\t<div class=\"elementor-widget-container\">\n\t\t\t\t\t\t\t\t\t<p>In order to take full advantage of the website you need your browser to accept cookies, some functionality will not be available if you do not accept cookies. Cookies are used to provide a personalized experience on your computer, tablet, spartphone etc.<\/p>\t\t\t\t\t\t\t\t<\/div>\n\t\t\t\t<\/div>\n\t\t\t\t<div class=\"elementor-element elementor-element-574e765 elementor-widget elementor-widget-heading\" data-id=\"574e765\" data-element_type=\"widget\" data-widget_type=\"heading.default\">\n\t\t\t\t<div class=\"elementor-widget-container\">\n\t\t\t\t\t<h4 class=\"elementor-heading-title elementor-size-default\">Cookies contain personal information?<\/h4>\t\t\t\t<\/div>\n\t\t\t\t<\/div>\n\t\t\t\t<div class=\"elementor-element elementor-element-05f5182 elementor-widget elementor-widget-text-editor\" data-id=\"05f5182\" data-element_type=\"widget\" data-widget_type=\"text-editor.default\">\n\t\t\t\t<div class=\"elementor-widget-container\">\n\t\t\t\t\t\t\t\t\t<p>Cookies do not contain confidential information such as address, phone number or bank card details.<\/p>\t\t\t\t\t\t\t\t<\/div>\n\t\t\t\t<\/div>\n\t\t\t\t<div class=\"elementor-element elementor-element-4f6781b elementor-widget elementor-widget-heading\" data-id=\"4f6781b\" data-element_type=\"widget\" data-widget_type=\"heading.default\">\n\t\t\t\t<div class=\"elementor-widget-container\">\n\t\t\t\t\t<h4 class=\"elementor-heading-title elementor-size-default\">COOKIES USED ON THIS WEBSITE<\/h4>\t\t\t\t<\/div>\n\t\t\t\t<\/div>\n\t\t\t\t<div class=\"elementor-element elementor-element-5b9827b elementor-widget elementor-widget-text-editor\" data-id=\"5b9827b\" data-element_type=\"widget\" data-widget_type=\"text-editor.default\">\n\t\t\t\t<div class=\"elementor-widget-container\">\n\t\t\t\t\t\t\t\t\t<p>This is a list of the main cookies we use:<\/p><p>BC_Bandwith - These cookies enable the display of video files<\/p><p><strong>_ga, _gat, shoppingToolAction, __ywtfpcsuid, __ywtfpcvuid<\/strong><\/p><p>These cookies enable Google Analytics. <br \/>This allows us to generate statistics about the number of visitors, the browser used and the responses to marketing elements we have on the site. This information allows us to monitor site performance and improve site quality.<\/p><p>Super Eggs uses various other websites to offer and improve certain services. Third party cookies are set by a different domain than the one you are visiting.<\/p><p><strong>__utma, __utmb, __utmc, __utmz<\/strong><\/p><p>Google Analytics helps us understand how customers navigate our website. These cookies enable Google analytics.<\/p>\t\t\t\t\t\t\t\t<\/div>\n\t\t\t\t<\/div>\n\t\t\t\t\t<\/div>\n\t\t\t\t<\/section>\n\t\t\t\t<\/div>","protected":false},"excerpt":{"rendered":"<p>Folosim cookie-uri pentru a \u00eembun\u0103t\u0103\u021bi experien\u021ba ta pe site. Afl\u0103 mai multe despre cum \u0219i de ce le folosim. GDPR Stimate client, supereggs.ro folose\u015fte cookie-uri pentru a v\u0103 asigura o experien\u0163\u0103 pl\u0103cut\u0103 de navigare \u015fi pentru a oferi servicii online confortabile (de exemplu: preferin\u0163ele \u00een materie de confiden\u0163ialitate online, op\u0163iunile privind limba site-ului, etc.). Deoarece [&hellip;]<\/p>","protected":false},"author":1,"featured_media":0,"parent":0,"menu_order":9,"comment_status":"closed","ping_status":"closed","template":"","meta":{"footnotes":""},"class_list":["post-800","page","type-page","status-publish","hentry"],"_links":{"self":[{"href":"https:\/\/supereggs.ro\/en\/wp-json\/wp\/v2\/pages\/800","targetHints":{"allow":["GET"]}}],"collection":[{"href":"https:\/\/supereggs.ro\/en\/wp-json\/wp\/v2\/pages"}],"about":[{"href":"https:\/\/supereggs.ro\/en\/wp-json\/wp\/v2\/types\/page"}],"author":[{"embeddable":true,"href":"https:\/\/supereggs.ro\/en\/wp-json\/wp\/v2\/users\/1"}],"replies":[{"embeddable":true,"href":"https:\/\/supereggs.ro\/en\/wp-json\/wp\/v2\/comments?post=800"}],"version-history":[{"count":0,"href":"https:\/\/supereggs.ro\/en\/wp-json\/wp\/v2\/pages\/800\/revisions"}],"wp:attachment":[{"href":"https:\/\/supereggs.ro\/en\/wp-json\/wp\/v2\/media?parent=800"}],"curies":[{"name":"wp","href":"https:\/\/api.w.org\/{rel}","templated":true}]}}