{"id":1250,"date":"2025-04-16T07:07:29","date_gmt":"2025-04-16T07:07:29","guid":{"rendered":"https:\/\/supereggs.ro\/?page_id=1250"},"modified":"2025-07-23T08:59:52","modified_gmt":"2025-07-23T08:59:52","slug":"ciclo-produttivo","status":"publish","type":"page","link":"https:\/\/supereggs.ro\/it\/produzione\/ciclo-produttivo\/","title":{"rendered":"Ciclo Produttivo"},"content":{"rendered":"<div data-elementor-type=\"wp-page\" data-elementor-id=\"1250\" class=\"elementor elementor-1250\" data-elementor-post-type=\"page\">\n\t\t\t\t<section class=\"elementor-element elementor-element-dee79c2 section-xxs e-flex e-con-boxed e-con e-parent\" data-id=\"dee79c2\" data-element_type=\"container\" data-settings=\"{&quot;background_background&quot;:&quot;classic&quot;}\">\n\t\t\t\t\t<div class=\"e-con-inner\">\n\t\t<div class=\"elementor-element elementor-element-6f0ead4 e-con-full e-flex e-con e-child\" data-id=\"6f0ead4\" data-element_type=\"container\" data-settings=\"{&quot;background_background&quot;:&quot;classic&quot;}\">\n\t\t\t\t<div class=\"elementor-element elementor-element-0769276 elementor-widget elementor-widget-heading\" data-id=\"0769276\" data-element_type=\"widget\" data-widget_type=\"heading.default\">\n\t\t\t\t<div class=\"elementor-widget-container\">\n\t\t\t\t\t<h1 class=\"elementor-heading-title elementor-size-default\">Ciclo Produttivo<\/h1>\t\t\t\t<\/div>\n\t\t\t\t<\/div>\n\t\t\t\t<div class=\"elementor-element elementor-element-2b4b688 elementor-widget elementor-widget-text-editor\" data-id=\"2b4b688\" data-element_type=\"widget\" data-widget_type=\"text-editor.default\">\n\t\t\t\t<div class=\"elementor-widget-container\">\n\t\t\t\t\t\t\t\t\t<p>L'intero ciclo produttivo di Super Eggs \u00e8 attentamente monitorato, per garantire la completa tracciabilit\u00e0 e la massima qualit\u00e0 in ogni fase, dall'allevamento alla consegna.<\/p>\t\t\t\t\t\t\t\t<\/div>\n\t\t\t\t<\/div>\n\t\t\t\t<\/div>\n\t\t<div class=\"elementor-element elementor-element-74fa90b e-con-full e-flex e-con e-child\" data-id=\"74fa90b\" data-element_type=\"container\" data-settings=\"{&quot;background_background&quot;:&quot;classic&quot;}\">\n\t\t\t\t<div class=\"elementor-element elementor-element-05aca6b elementor-widget elementor-widget-heading\" data-id=\"05aca6b\" data-element_type=\"widget\" data-widget_type=\"heading.default\">\n\t\t\t\t<div class=\"elementor-widget-container\">\n\t\t\t\t\t<h2 class=\"elementor-heading-title elementor-size-default\"><a href=\"\/it\/produzione\/\">Produzione<\/a><\/h2>\t\t\t\t<\/div>\n\t\t\t\t<\/div>\n\t\t\t\t<\/div>\n\t\t\t\t\t<\/div>\n\t\t\t\t<\/section>\n\t\t<section class=\"elementor-element elementor-element-0c9b87b section-xxs e-flex e-con-boxed e-con e-parent\" data-id=\"0c9b87b\" data-element_type=\"container\">\n\t\t\t\t\t<div class=\"e-con-inner\">\n\t\t<div class=\"elementor-element elementor-element-819ed71 e-con-full animated-slow e-flex elementor-invisible e-con e-child\" data-id=\"819ed71\" data-element_type=\"container\" data-settings=\"{&quot;animation&quot;:&quot;fadeIn&quot;,&quot;animation_delay&quot;:150}\">\n\t\t\t\t<div class=\"elementor-element elementor-element-0ccfa21 elementor-widget elementor-widget-heading\" data-id=\"0ccfa21\" data-element_type=\"widget\" data-widget_type=\"heading.default\">\n\t\t\t\t<div class=\"elementor-widget-container\">\n\t\t\t\t\t<h3 class=\"elementor-heading-title elementor-size-default\">Super Eggs ha integrato verticalmente ciascuna fase di lavorazione<\/h3>\t\t\t\t<\/div>\n\t\t\t\t<\/div>\n\t\t\t\t<div class=\"elementor-element elementor-element-d29902b elementor-widget elementor-widget-text-editor\" data-id=\"d29902b\" data-element_type=\"widget\" data-widget_type=\"text-editor.default\">\n\t\t\t\t<div class=\"elementor-widget-container\">\n\t\t\t\t\t\t\t\t\t<p>Super Eggs ha integrato verticalmente l'intero ciclo produttivo, possedendo sia lo stabilimento di produzione di mangimi, l'allevamento di giovani polli, diversi allevamenti di galline ovaiole, centri di confezionamento delle uova, lo stabilimento di pastorizzazione delle uova, lo stabilimento di produzione di polvere d'uovo, nonch\u00e9 un sistema ben organizzato di distribuzione e logistica.<\/p><p>Grazie al controllo dell'intero ciclo produttivo, dalla produzione di mangimi per i propri volatili nel proprio stabilimento di mangimi composti, all'allevamento dei pulcini nell'allevamento di giovani polli, delle galline ovaiole negli allevamenti di polli, fino al confezionamento delle uova nei centri di confezionamento certificati IFS, alla produzione e al confezionamento della polvere d'uovo nello stabilimento certificato IFS e alla produzione e al confezionamento delle uova pastorizzate nello stabilimento certificato IFS, Super Eggs \u00e8 in grado di garantire la qualit\u00e0 di tutti i suoi prodotti.<\/p>\t\t\t\t\t\t\t\t<\/div>\n\t\t\t\t<\/div>\n\t\t\t\t<\/div>\n\t\t<div class=\"elementor-element elementor-element-13c69ab e-con-full animated-slow e-flex elementor-invisible e-con e-child\" data-id=\"13c69ab\" data-element_type=\"container\" data-settings=\"{&quot;animation&quot;:&quot;fadeIn&quot;,&quot;animation_delay&quot;:150}\">\n\t\t\t\t<div class=\"elementor-element elementor-element-287e047 elementor-widget elementor-widget-image\" data-id=\"287e047\" data-element_type=\"widget\" data-widget_type=\"image.default\">\n\t\t\t\t<div class=\"elementor-widget-container\">\n\t\t\t\t\t\t\t\t\t\t\t\t\t\t\t<img fetchpriority=\"high\" decoding=\"async\" width=\"800\" height=\"532\" src=\"https:\/\/supereggs.ro\/wp-content\/uploads\/2025\/05\/slide4-1024x681.webp\" class=\"attachment-large size-large wp-image-1827\" alt=\"\" srcset=\"https:\/\/supereggs.ro\/wp-content\/uploads\/2025\/05\/slide4-1024x681.webp 1024w, https:\/\/supereggs.ro\/wp-content\/uploads\/2025\/05\/slide4-300x200.webp 300w, https:\/\/supereggs.ro\/wp-content\/uploads\/2025\/05\/slide4-768x511.webp 768w, https:\/\/supereggs.ro\/wp-content\/uploads\/2025\/05\/slide4-1536x1022.webp 1536w, https:\/\/supereggs.ro\/wp-content\/uploads\/2025\/05\/slide4-2048x1363.webp 2048w, https:\/\/supereggs.ro\/wp-content\/uploads\/2025\/05\/slide4-18x12.webp 18w\" sizes=\"(max-width: 800px) 100vw, 800px\" \/>\t\t\t\t\t\t\t\t\t\t\t\t\t\t\t<\/div>\n\t\t\t\t<\/div>\n\t\t\t\t<\/div>\n\t\t<div class=\"elementor-element elementor-element-2272947 e-con-full animated-slow e-flex elementor-invisible e-con e-child\" data-id=\"2272947\" data-element_type=\"container\" data-settings=\"{&quot;animation&quot;:&quot;fadeIn&quot;,&quot;animation_delay&quot;:300}\">\n\t\t\t\t<div class=\"elementor-element elementor-element-da8ea04 elementor-widget elementor-widget-heading\" data-id=\"da8ea04\" data-element_type=\"widget\" data-widget_type=\"heading.default\">\n\t\t\t\t<div class=\"elementor-widget-container\">\n\t\t\t\t\t<h3 class=\"elementor-heading-title elementor-size-default\">Quindi, la produzione si svolge in questo modo:<\/h3>\t\t\t\t<\/div>\n\t\t\t\t<\/div>\n\t\t\t\t<div class=\"elementor-element elementor-element-4d7bbb9 elementor-widget elementor-widget-text-editor\" data-id=\"4d7bbb9\" data-element_type=\"widget\" data-widget_type=\"text-editor.default\">\n\t\t\t\t<div class=\"elementor-widget-container\">\n\t\t\t\t\t\t\t\t\t<ul><li>I mangimi, preparati nella fabbrica di propriet\u00e0 e prodotti con materie prime acquistate dai fornitori partner, sono utilizzati come cibo dei pulcini e delle galline ovaiole.<\/li><li>I pulcini vengono cresciuti nelle nostre pulcinaie, selezionate le femmine e trasferite negli allevamenti di galline ovaiole.<\/li><li>Nel centro di selezione ed imballaggio delle uova, sono confezionate le uova di categoria A, che sono fornite direttamente ai clienti sia nella piccola che nella grande distribuzione e le uova di categoria B sono trasferite nello stabilimento delle uova pastorizzate.<\/li><li>Nello stabilimento che realizza uova pastorizzate, vengono preparate ed imballate le uova intere pastorizzate, l\u2019albume pastorizzato e il tuorlo pastorizzato.<\/li><li>Nello stabilimento che realizza uova in polvere vengono preparate ed imballate le uova intere in polvere e il tuorlo in polvere.<\/li><li>Le uova in polvere e\/o le uova pastorizzate sono poi fornite come materie prime per l\u2019industria alimentare.<\/li><\/ul>\t\t\t\t\t\t\t\t<\/div>\n\t\t\t\t<\/div>\n\t\t\t\t<\/div>\n\t\t\t\t\t<\/div>\n\t\t\t\t<\/section>\n\t\t\t\t<\/div>","protected":false},"excerpt":{"rendered":"<p>\u00centregul ciclu de produc\u021bie Super Eggs este atent monitorizat, asigur\u00e2nd trasabilitate complet\u0103 \u0219i calitate superioar\u0103 \u00een fiecare etap\u0103 \u2013 de la cre\u0219terea p\u0103s\u0103rilor p\u00e2n\u0103 la livrarea ou\u0103lor. Produc\u021bie Super Eggs are integrat pe vertical\u0103 \u00eentregul ciclu de produc\u021bie Super Eggs are integrat pe vertical\u0103 \u00eentregul ciclu de produc\u021bie, de\u021bin\u00e2nd at\u00e2t fabrica de produc\u021bie nutre\u021buri, ferma [&hellip;]<\/p>","protected":false},"author":1,"featured_media":0,"parent":1248,"menu_order":0,"comment_status":"closed","ping_status":"closed","template":"","meta":{"footnotes":""},"class_list":["post-1250","page","type-page","status-publish","hentry"],"_links":{"self":[{"href":"https:\/\/supereggs.ro\/it\/wp-json\/wp\/v2\/pages\/1250","targetHints":{"allow":["GET"]}}],"collection":[{"href":"https:\/\/supereggs.ro\/it\/wp-json\/wp\/v2\/pages"}],"about":[{"href":"https:\/\/supereggs.ro\/it\/wp-json\/wp\/v2\/types\/page"}],"author":[{"embeddable":true,"href":"https:\/\/supereggs.ro\/it\/wp-json\/wp\/v2\/users\/1"}],"replies":[{"embeddable":true,"href":"https:\/\/supereggs.ro\/it\/wp-json\/wp\/v2\/comments?post=1250"}],"version-history":[{"count":0,"href":"https:\/\/supereggs.ro\/it\/wp-json\/wp\/v2\/pages\/1250\/revisions"}],"up":[{"embeddable":true,"href":"https:\/\/supereggs.ro\/it\/wp-json\/wp\/v2\/pages\/1248"}],"wp:attachment":[{"href":"https:\/\/supereggs.ro\/it\/wp-json\/wp\/v2\/media?parent=1250"}],"curies":[{"name":"wp","href":"https:\/\/api.w.org\/{rel}","templated":true}]}}