{"id":1342,"date":"2025-04-29T12:06:21","date_gmt":"2025-04-29T12:06:21","guid":{"rendered":"https:\/\/supereggs.ro\/?page_id=1342"},"modified":"2025-07-23T07:35:40","modified_gmt":"2025-07-23T07:35:40","slug":"chi-e-eurovo","status":"publish","type":"page","link":"https:\/\/supereggs.ro\/it\/chi-siamo\/chi-e-eurovo\/","title":{"rendered":"Chi \u00e8 Eurovo"},"content":{"rendered":"<div data-elementor-type=\"wp-page\" data-elementor-id=\"1342\" class=\"elementor elementor-1342\" data-elementor-post-type=\"page\">\n\t\t\t\t<section class=\"elementor-element elementor-element-dee79c2 section-xxs e-flex e-con-boxed e-con e-parent\" data-id=\"dee79c2\" data-element_type=\"container\" data-settings=\"{&quot;background_background&quot;:&quot;classic&quot;}\">\n\t\t\t\t\t<div class=\"e-con-inner\">\n\t\t<div class=\"elementor-element elementor-element-6f0ead4 e-con-full e-flex e-con e-child\" data-id=\"6f0ead4\" data-element_type=\"container\" data-settings=\"{&quot;background_background&quot;:&quot;classic&quot;}\">\n\t\t\t\t<div class=\"elementor-element elementor-element-0769276 elementor-widget elementor-widget-heading\" data-id=\"0769276\" data-element_type=\"widget\" data-widget_type=\"heading.default\">\n\t\t\t\t<div class=\"elementor-widget-container\">\n\t\t\t\t\t<h1 class=\"elementor-heading-title elementor-size-default\">Chi \u00e8 Eurovo<\/h1>\t\t\t\t<\/div>\n\t\t\t\t<\/div>\n\t\t\t\t<div class=\"elementor-element elementor-element-2b4b688 elementor-widget elementor-widget-text-editor\" data-id=\"2b4b688\" data-element_type=\"widget\" data-widget_type=\"text-editor.default\">\n\t\t\t\t<div class=\"elementor-widget-container\">\n\t\t\t\t\t\t\t\t\t<p>Parte del Gruppo Eurovo, leader europeo nella produzione di uova e prodotti a base di uova, Super Eggs unisce tradizione e innovazione per fornire prodotti di alta qualit\u00e0. Grazie al controllo completo della filiera produttiva e al rispetto per la natura, garantiamo che ogni uovo arrivi a voi nelle migliori condizioni.<\/p>\t\t\t\t\t\t\t\t<\/div>\n\t\t\t\t<\/div>\n\t\t\t\t<\/div>\n\t\t<div class=\"elementor-element elementor-element-74fa90b e-con-full e-flex e-con e-child\" data-id=\"74fa90b\" data-element_type=\"container\" data-settings=\"{&quot;background_background&quot;:&quot;classic&quot;}\">\n\t\t\t\t<div class=\"elementor-element elementor-element-05aca6b elementor-widget elementor-widget-heading\" data-id=\"05aca6b\" data-element_type=\"widget\" data-widget_type=\"heading.default\">\n\t\t\t\t<div class=\"elementor-widget-container\">\n\t\t\t\t\t<h2 class=\"elementor-heading-title elementor-size-default\"><a href=\"\/it\/chi-siamo\/\">Chi siamo<\/a><\/h2>\t\t\t\t<\/div>\n\t\t\t\t<\/div>\n\t\t\t\t<\/div>\n\t\t\t\t\t<\/div>\n\t\t\t\t<\/section>\n\t\t<section class=\"elementor-element elementor-element-a83ac92 section-xxs e-flex e-con-boxed e-con e-parent\" data-id=\"a83ac92\" data-element_type=\"container\">\n\t\t\t\t\t<div class=\"e-con-inner\">\n\t\t<div class=\"elementor-element elementor-element-d20c65b e-con-full animated-slow e-flex elementor-invisible e-con e-child\" data-id=\"d20c65b\" data-element_type=\"container\" data-settings=\"{&quot;animation&quot;:&quot;fadeIn&quot;,&quot;animation_delay&quot;:150}\">\n\t\t\t\t<div class=\"elementor-element elementor-element-6fa3861 elementor-widget elementor-widget-text-editor\" data-id=\"6fa3861\" data-element_type=\"widget\" data-widget_type=\"text-editor.default\">\n\t\t\t\t<div class=\"elementor-widget-container\">\n\t\t\t\t\t\t\t\t\t<p>Fondato da Rainieri Lionello e sua moglie Anita a met\u00e0 del secolo scorso, il Gruppo Eurovo \u00e8 oggi leader mondiale nella produzione di uova e prodotti a base di uova (uova in polvere e uova pastorizzate). Inizialmente, l'attivit\u00e0 consisteva nella rottura manuale delle uova, che venivano conservate in grandi recipienti e poi congelate. Nel 1965 Rainieri Lionello acquist\u00f2 la prima macchina per la rottura delle uova, ponendo cos\u00ec le basi dell'attuale Gruppo Eurovo.<\/p><p>Dall\u2019inaugurazione della prima fabbrica nell\u2019anno 1970, a Santa Maria in Fabriago, il Gruppo Eurovo si \u00e8 esteso gradualmente, investendo in nuovi centri di imballaggio, aziende agricole di pulcini, aziende agricole di galline ovaiole e fabbriche per la produzione di mangimi. Attualmente ha 17 fabbriche di propriet\u00e0 per la produzione in Italia e all\u2019estero (Francia, Spagna, Romania e Polonia).<\/p><p>Il Gruppo Eurovo, ancora oggi di propriet\u00e0 della famiglia Lionello, \u00e8 un esempio di imprenditore familiare, poich\u00e9 \u00e8 guidato dai due figli di Rainieri, Siro e Ireno (Claudio), dai nipoti Silvia e Federico e da tutte le persone che con loro, si impegnano con grande entusiasmo nella realizzazione di un sogno che si avvera giorno dopo giorno.<\/p>\t\t\t\t\t\t\t\t<\/div>\n\t\t\t\t<\/div>\n\t\t\t\t<div class=\"elementor-element elementor-element-4f1b9c8 elementor-widget elementor-widget-image\" data-id=\"4f1b9c8\" data-element_type=\"widget\" data-widget_type=\"image.default\">\n\t\t\t\t<div class=\"elementor-widget-container\">\n\t\t\t\t\t\t\t\t\t\t\t\t\t\t\t<img decoding=\"async\" width=\"286\" height=\"86\" src=\"https:\/\/supereggs.ro\/wp-content\/uploads\/2025\/04\/logo-eurovo.webp\" class=\"attachment-large size-large wp-image-903\" alt=\"Grupul EUROVO\" srcset=\"https:\/\/supereggs.ro\/wp-content\/uploads\/2025\/04\/logo-eurovo.webp 286w, https:\/\/supereggs.ro\/wp-content\/uploads\/2025\/04\/logo-eurovo-18x5.webp 18w\" sizes=\"(max-width: 286px) 100vw, 286px\" \/>\t\t\t\t\t\t\t\t\t\t\t\t\t\t\t<\/div>\n\t\t\t\t<\/div>\n\t\t\t\t<\/div>\n\t\t<div class=\"elementor-element elementor-element-2638da5 e-con-full animated-slow e-flex elementor-invisible e-con e-child\" data-id=\"2638da5\" data-element_type=\"container\" data-settings=\"{&quot;animation&quot;:&quot;fadeIn&quot;,&quot;animation_delay&quot;:250}\">\n\t\t\t\t<div class=\"elementor-element elementor-element-939df1a elementor-widget elementor-widget-heading\" data-id=\"939df1a\" data-element_type=\"widget\" data-widget_type=\"heading.default\">\n\t\t\t\t<div class=\"elementor-widget-container\">\n\t\t\t\t\t<h3 class=\"elementor-heading-title elementor-size-default\">La missione del Gruppo Eurovo \u00e8 di soddisfare i bisogni di ogni cliente, puntando sulla crescita continua orientato permanentemente all\u2019innovazione.<\/h3>\t\t\t\t<\/div>\n\t\t\t\t<\/div>\n\t\t\t\t<div class=\"elementor-element elementor-element-a481574 elementor-widget elementor-widget-image\" data-id=\"a481574\" data-element_type=\"widget\" data-widget_type=\"image.default\">\n\t\t\t\t<div class=\"elementor-widget-container\">\n\t\t\t\t\t\t\t\t\t\t\t\t\t\t\t<img fetchpriority=\"high\" decoding=\"async\" width=\"800\" height=\"383\" src=\"https:\/\/supereggs.ro\/wp-content\/uploads\/2025\/04\/eurovo.webp\" class=\"attachment-large size-large wp-image-1360\" alt=\"\" srcset=\"https:\/\/supereggs.ro\/wp-content\/uploads\/2025\/04\/eurovo.webp 913w, https:\/\/supereggs.ro\/wp-content\/uploads\/2025\/04\/eurovo-300x144.webp 300w, https:\/\/supereggs.ro\/wp-content\/uploads\/2025\/04\/eurovo-768x368.webp 768w, https:\/\/supereggs.ro\/wp-content\/uploads\/2025\/04\/eurovo-18x9.webp 18w\" sizes=\"(max-width: 800px) 100vw, 800px\" \/>\t\t\t\t\t\t\t\t\t\t\t\t\t\t\t<\/div>\n\t\t\t\t<\/div>\n\t\t\t\t<div class=\"elementor-element elementor-element-62ba058 elementor-widget elementor-widget-text-editor\" data-id=\"62ba058\" data-element_type=\"widget\" data-widget_type=\"text-editor.default\">\n\t\t\t\t<div class=\"elementor-widget-container\">\n\t\t\t\t\t\t\t\t\t<p>Il Gruppo Eurovo \u00e8 cosciente del fatto che, in un mercato in continua evoluzione, abbracciare le esigenze di aziende specializzate e dei consumatori significa ideare dei prodotti specifici e all\u2019avanguardia, studiati con cura nel rispetto dell\u2019equilibrio, fra modernit\u00e0 e tradizione.<\/p><p>Inoltre, il Gruppo Eurovo considera che la sicurezza e la qualit\u00e0 dei prodotti sono garantite dal controllo dell\u2019intera filiera di produzione. Il raggiungimento ed il superamento degli standard di qualit\u00e0 \u00e8 l\u2019obiettivo primario di Eurovo, in tutti gli step di lavorazione: dalla produzione del mangime per i propri animali, all\u2019allevamento dei pulcini sino al confezionamento dei prodotti finiti.<\/p><p>Nella visione del Gruppo Eurovo, il rispetto della natura \u00e8 essenziale: ci\u00f2 implica sia il benessere dei propri animali, sia la garanzia di alcuni prodotti sani, in armonia con l\u2019ambiente.<\/p><p>Venendo incontro alle richieste dei consumatori, il Gruppo Eurovo ha concentrato i propri investimenti su sistemi di allevamento alternativi: biologici, all\u2019aperto e a terra. L\u2019approccio ecosostenibile, supportato da una solida cultura della responsabilit\u00e0 e da un radicato impegno sociale, si concretizza in numerosi progetti mirati alla riduzione dell\u2019impatto ambientale.<\/p><p>La missione e la visione del Gruppo sono sostenute da un forte impegno del Dipartimento Ricerca-Sviluppo, quotidianamente impegnato nello studio di nuovi prodotti, sistemi di allevamenti, automatizzazioni e tecnologie.<\/p><p>Forte da tradizione e dalle sue basi solidi sulle quali \u00e8 nato, il Gruppo guarda agli obiettivi da futuro con lo spirito di quello che, da sempre, ha creduto nel valore del lavoro e nel potere dell\u2019innovazione.<\/p><p><strong>Come parte del Gruppo Eurovo, Super Eggs si allinea sia alla missione, alla sua visione, sia ai valori che sostiene.<\/strong><\/p>\t\t\t\t\t\t\t\t<\/div>\n\t\t\t\t<\/div>\n\t\t\t\t<\/div>\n\t\t\t\t\t<\/div>\n\t\t\t\t<\/section>\n\t\t\t\t<\/div>","protected":false},"excerpt":{"rendered":"<p>Parte din Grupul Eurovo, lider european \u00een produc\u021bia de ou\u0103 \u0219i produse din ou, Super Eggs \u00eembin\u0103 tradi\u021bia cu inova\u021bia pentru a livra produse de calitate superioar\u0103. Prin controlul complet al lan\u021bului de produc\u021bie \u0219i respectul fa\u021b\u0103 de natur\u0103, ne asigur\u0103m c\u0103 fiecare ou ajunge la tine \u00een cele mai bune condi\u021bii. Despre noi \u00cenfiin\u021bat [&hellip;]<\/p>","protected":false},"author":1,"featured_media":0,"parent":1301,"menu_order":1,"comment_status":"closed","ping_status":"closed","template":"","meta":{"footnotes":""},"class_list":["post-1342","page","type-page","status-publish","hentry"],"_links":{"self":[{"href":"https:\/\/supereggs.ro\/it\/wp-json\/wp\/v2\/pages\/1342","targetHints":{"allow":["GET"]}}],"collection":[{"href":"https:\/\/supereggs.ro\/it\/wp-json\/wp\/v2\/pages"}],"about":[{"href":"https:\/\/supereggs.ro\/it\/wp-json\/wp\/v2\/types\/page"}],"author":[{"embeddable":true,"href":"https:\/\/supereggs.ro\/it\/wp-json\/wp\/v2\/users\/1"}],"replies":[{"embeddable":true,"href":"https:\/\/supereggs.ro\/it\/wp-json\/wp\/v2\/comments?post=1342"}],"version-history":[{"count":0,"href":"https:\/\/supereggs.ro\/it\/wp-json\/wp\/v2\/pages\/1342\/revisions"}],"up":[{"embeddable":true,"href":"https:\/\/supereggs.ro\/it\/wp-json\/wp\/v2\/pages\/1301"}],"wp:attachment":[{"href":"https:\/\/supereggs.ro\/it\/wp-json\/wp\/v2\/media?parent=1342"}],"curies":[{"name":"wp","href":"https:\/\/api.w.org\/{rel}","templated":true}]}}