{"id":1391,"date":"2025-04-30T09:01:00","date_gmt":"2025-04-30T09:01:00","guid":{"rendered":"https:\/\/supereggs.ro\/?page_id=1391"},"modified":"2025-07-28T14:50:39","modified_gmt":"2025-07-28T14:50:39","slug":"pulcinaie","status":"publish","type":"page","link":"https:\/\/supereggs.ro\/it\/produzione\/pulcinaie\/","title":{"rendered":"Pulcinaie"},"content":{"rendered":"<div data-elementor-type=\"wp-page\" data-elementor-id=\"1391\" class=\"elementor elementor-1391\" data-elementor-post-type=\"page\">\n\t\t\t\t<section class=\"elementor-element elementor-element-dee79c2 section-xxs e-flex e-con-boxed e-con e-parent\" data-id=\"dee79c2\" data-element_type=\"container\" data-settings=\"{&quot;background_background&quot;:&quot;classic&quot;}\">\n\t\t\t\t\t<div class=\"e-con-inner\">\n\t\t<div class=\"elementor-element elementor-element-6f0ead4 e-con-full e-flex e-con e-child\" data-id=\"6f0ead4\" data-element_type=\"container\" data-settings=\"{&quot;background_background&quot;:&quot;classic&quot;}\">\n\t\t\t\t<div class=\"elementor-element elementor-element-0769276 elementor-widget elementor-widget-heading\" data-id=\"0769276\" data-element_type=\"widget\" data-widget_type=\"heading.default\">\n\t\t\t\t<div class=\"elementor-widget-container\">\n\t\t\t\t\t<h1 class=\"elementor-heading-title elementor-size-default\">Pulcinaie<\/h1>\t\t\t\t<\/div>\n\t\t\t\t<\/div>\n\t\t\t\t<div class=\"elementor-element elementor-element-2b4b688 elementor-widget elementor-widget-text-editor\" data-id=\"2b4b688\" data-element_type=\"widget\" data-widget_type=\"text-editor.default\">\n\t\t\t\t<div class=\"elementor-widget-container\">\n\t\t\t\t\t\t\t\t\t<p>Alleviamo i pulcini con cura fin dal primo giorno, dando loro tutto ci\u00f2 di cui hanno bisogno per svilupparsi in modo sano. \u00c8 qui che inizia il viaggio verso uova di qualit\u00e0, in un ambiente sicuro e attentamente controllato.<\/p>\t\t\t\t\t\t\t\t<\/div>\n\t\t\t\t<\/div>\n\t\t\t\t<\/div>\n\t\t<div class=\"elementor-element elementor-element-74fa90b e-con-full e-flex e-con e-child\" data-id=\"74fa90b\" data-element_type=\"container\" data-settings=\"{&quot;background_background&quot;:&quot;classic&quot;}\">\n\t\t\t\t<div class=\"elementor-element elementor-element-05aca6b elementor-widget elementor-widget-heading\" data-id=\"05aca6b\" data-element_type=\"widget\" data-widget_type=\"heading.default\">\n\t\t\t\t<div class=\"elementor-widget-container\">\n\t\t\t\t\t<h2 class=\"elementor-heading-title elementor-size-default\"><a href=\"\/it\/produzione\/\">Produzione<\/a><\/h2>\t\t\t\t<\/div>\n\t\t\t\t<\/div>\n\t\t\t\t<\/div>\n\t\t\t\t\t<\/div>\n\t\t\t\t<\/section>\n\t\t<section class=\"elementor-element elementor-element-0c9b87b section-xxs e-flex e-con-boxed e-con e-parent\" data-id=\"0c9b87b\" data-element_type=\"container\">\n\t\t\t\t\t<div class=\"e-con-inner\">\n\t\t<div class=\"elementor-element elementor-element-819ed71 e-con-full animated-slow e-flex elementor-invisible e-con e-child\" data-id=\"819ed71\" data-element_type=\"container\" data-settings=\"{&quot;animation&quot;:&quot;fadeIn&quot;,&quot;animation_delay&quot;:150}\">\n\t\t\t\t<div class=\"elementor-element elementor-element-0ccfa21 elementor-widget elementor-widget-heading\" data-id=\"0ccfa21\" data-element_type=\"widget\" data-widget_type=\"heading.default\">\n\t\t\t\t<div class=\"elementor-widget-container\">\n\t\t\t\t\t<h3 class=\"elementor-heading-title elementor-size-default\">Nelle pulcinaie sono allevati pulcini da 1 giorno di vita fino a 18 settimane, che diventeranno le galline che popoleranno gli allevamenti.<\/h3>\t\t\t\t<\/div>\n\t\t\t\t<\/div>\n\t\t\t\t<div class=\"elementor-element elementor-element-d29902b elementor-widget elementor-widget-text-editor\" data-id=\"d29902b\" data-element_type=\"widget\" data-widget_type=\"text-editor.default\">\n\t\t\t\t<div class=\"elementor-widget-container\">\n\t\t\t\t\t\t\t\t\t<p>Localizzata nella Boldur, regione di Timi\u0219oara, la pulcinaia \u00e8 realizzata con le pi\u00f9 moderne tecnologie esistenti sul mercato.<\/p><p>I pulcini sono allevati sotto la stretta sorveglianza dei medici veterinari e del personale ausiliario che \u00e8 molto preparato nel campo.<\/p><p>L\u2019intera attivit\u00e0 \u00e8 assicurata e controllata tramite un sistema automatizzato di nutrizione, abbeveraggio, ventilazione e riscaldamento, cosi che ai pulcini venga assicurata sia la quantit\u00e0 di acqua e cibo necessaria giornalmente, che la temperatura ottima, l\u2019umidita ottima, come anche l\u2019igienizzazione degli spazi nei quali sono allevati.<\/p>\t\t\t\t\t\t\t\t<\/div>\n\t\t\t\t<\/div>\n\t\t\t\t<\/div>\n\t\t<div class=\"elementor-element elementor-element-234efa2 e-con-full animated-slow e-flex elementor-invisible e-con e-child\" data-id=\"234efa2\" data-element_type=\"container\" data-settings=\"{&quot;animation&quot;:&quot;fadeIn&quot;,&quot;animation_delay&quot;:150}\">\n\t\t\t\t<div class=\"elementor-element elementor-element-fd03f50 elementor-widget elementor-widget-image\" data-id=\"fd03f50\" data-element_type=\"widget\" data-widget_type=\"image.default\">\n\t\t\t\t<div class=\"elementor-widget-container\">\n\t\t\t\t\t\t\t\t\t\t\t\t\t\t\t<img fetchpriority=\"high\" decoding=\"async\" width=\"800\" height=\"534\" src=\"https:\/\/supereggs.ro\/wp-content\/uploads\/2025\/07\/ferme-pui-supereggs.webp\" class=\"attachment-large size-large wp-image-2400\" alt=\"\" srcset=\"https:\/\/supereggs.ro\/wp-content\/uploads\/2025\/07\/ferme-pui-supereggs.webp 1000w, https:\/\/supereggs.ro\/wp-content\/uploads\/2025\/07\/ferme-pui-supereggs-300x200.webp 300w, https:\/\/supereggs.ro\/wp-content\/uploads\/2025\/07\/ferme-pui-supereggs-768x512.webp 768w, https:\/\/supereggs.ro\/wp-content\/uploads\/2025\/07\/ferme-pui-supereggs-18x12.webp 18w\" sizes=\"(max-width: 800px) 100vw, 800px\" \/>\t\t\t\t\t\t\t\t\t\t\t\t\t\t\t<\/div>\n\t\t\t\t<\/div>\n\t\t\t\t<\/div>\n\t\t<div class=\"elementor-element elementor-element-2272947 e-con-full animated-slow e-flex elementor-invisible e-con e-child\" data-id=\"2272947\" data-element_type=\"container\" data-settings=\"{&quot;animation&quot;:&quot;fadeIn&quot;,&quot;animation_delay&quot;:300}\">\n\t\t\t\t<div class=\"elementor-element elementor-element-da8ea04 elementor-widget elementor-widget-heading\" data-id=\"da8ea04\" data-element_type=\"widget\" data-widget_type=\"heading.default\">\n\t\t\t\t<div class=\"elementor-widget-container\">\n\t\t\t\t\t<h3 class=\"elementor-heading-title elementor-size-default\">Nella fattoria di pulcini vengono applicate delle misure che rispettano le condizioni di tutela ambientale e di bio sicurezza. <\/h3>\t\t\t\t<\/div>\n\t\t\t\t<\/div>\n\t\t\t\t<div class=\"elementor-element elementor-element-4d7bbb9 elementor-widget elementor-widget-text-editor\" data-id=\"4d7bbb9\" data-element_type=\"widget\" data-widget_type=\"text-editor.default\">\n\t\t\t\t<div class=\"elementor-widget-container\">\n\t\t\t\t\t\t\t\t\t<p>Inoltre, la fattoria beneficia di filtri sanitari \u2013 veterinari per l\u2019accesso controllato del personale e dei mezzi di trasporto.<\/p><p>Dalla pulcinaia, dopo essere arrivati all\u2019et\u00e0 matura, le femmine vengono trasferite in una degli allevamenti di galline ovaiole di Super Eggs.<\/p>\t\t\t\t\t\t\t\t<\/div>\n\t\t\t\t<\/div>\n\t\t\t\t<\/div>\n\t\t\t\t\t<\/div>\n\t\t\t\t<\/section>\n\t\t\t\t<\/div>","protected":false},"excerpt":{"rendered":"<p>Cre\u0219tem puii cu grij\u0103 \u00eenc\u0103 din prima zi, oferindu-le tot ce au nevoie pentru a se dezvolta s\u0103n\u0103tos. Aici \u00eencepe drumul c\u0103tre ou\u0103 de calitate, \u00eentr-un mediu sigur \u0219i atent controlat. Produc\u021bie \u00cen cadrul fermei de tineret sunt crescu\u021bi de la 1 zi p\u00e2n\u0103 la 18 s\u0103pt\u0103m\u00e2ni puii care vor popula fermele de g\u0103ini ou\u0103toare. [&hellip;]<\/p>","protected":false},"author":1,"featured_media":0,"parent":1248,"menu_order":1,"comment_status":"closed","ping_status":"closed","template":"","meta":{"footnotes":""},"class_list":["post-1391","page","type-page","status-publish","hentry"],"_links":{"self":[{"href":"https:\/\/supereggs.ro\/it\/wp-json\/wp\/v2\/pages\/1391","targetHints":{"allow":["GET"]}}],"collection":[{"href":"https:\/\/supereggs.ro\/it\/wp-json\/wp\/v2\/pages"}],"about":[{"href":"https:\/\/supereggs.ro\/it\/wp-json\/wp\/v2\/types\/page"}],"author":[{"embeddable":true,"href":"https:\/\/supereggs.ro\/it\/wp-json\/wp\/v2\/users\/1"}],"replies":[{"embeddable":true,"href":"https:\/\/supereggs.ro\/it\/wp-json\/wp\/v2\/comments?post=1391"}],"version-history":[{"count":0,"href":"https:\/\/supereggs.ro\/it\/wp-json\/wp\/v2\/pages\/1391\/revisions"}],"up":[{"embeddable":true,"href":"https:\/\/supereggs.ro\/it\/wp-json\/wp\/v2\/pages\/1248"}],"wp:attachment":[{"href":"https:\/\/supereggs.ro\/it\/wp-json\/wp\/v2\/media?parent=1391"}],"curies":[{"name":"wp","href":"https:\/\/api.w.org\/{rel}","templated":true}]}}