{"id":1484,"date":"2025-05-01T10:17:35","date_gmt":"2025-05-01T10:17:35","guid":{"rendered":"https:\/\/supereggs.ro\/?page_id=1484"},"modified":"2025-07-23T07:56:16","modified_gmt":"2025-07-23T07:56:16","slug":"mangimifici","status":"publish","type":"page","link":"https:\/\/supereggs.ro\/it\/produzione\/mangimifici\/","title":{"rendered":"Mangimifici"},"content":{"rendered":"<div data-elementor-type=\"wp-page\" data-elementor-id=\"1484\" class=\"elementor elementor-1484\" data-elementor-post-type=\"page\">\n\t\t\t\t<section class=\"elementor-element elementor-element-dee79c2 section-xxs e-flex e-con-boxed e-con e-parent\" data-id=\"dee79c2\" data-element_type=\"container\" data-settings=\"{&quot;background_background&quot;:&quot;classic&quot;}\">\n\t\t\t\t\t<div class=\"e-con-inner\">\n\t\t<div class=\"elementor-element elementor-element-6f0ead4 e-con-full e-flex e-con e-child\" data-id=\"6f0ead4\" data-element_type=\"container\" data-settings=\"{&quot;background_background&quot;:&quot;classic&quot;}\">\n\t\t\t\t<div class=\"elementor-element elementor-element-0769276 elementor-widget elementor-widget-heading\" data-id=\"0769276\" data-element_type=\"widget\" data-widget_type=\"heading.default\">\n\t\t\t\t<div class=\"elementor-widget-container\">\n\t\t\t\t\t<h1 class=\"elementor-heading-title elementor-size-default\">Mangimifici<\/h1>\t\t\t\t<\/div>\n\t\t\t\t<\/div>\n\t\t\t\t<div class=\"elementor-element elementor-element-2b4b688 elementor-widget elementor-widget-text-editor\" data-id=\"2b4b688\" data-element_type=\"widget\" data-widget_type=\"text-editor.default\">\n\t\t\t\t<div class=\"elementor-widget-container\">\n\t\t\t\t\t\t\t\t\t<p>Produciamo il nostro mangime per pollame, in modo da avere un controllo totale sulla qualit\u00e0. Le ricette sono bilanciate e naturali, studiate per ottenere le uova migliori e pi\u00f9 sicure.<\/p>\t\t\t\t\t\t\t\t<\/div>\n\t\t\t\t<\/div>\n\t\t\t\t<\/div>\n\t\t<div class=\"elementor-element elementor-element-74fa90b e-con-full e-flex e-con e-child\" data-id=\"74fa90b\" data-element_type=\"container\" data-settings=\"{&quot;background_background&quot;:&quot;classic&quot;}\">\n\t\t\t\t<div class=\"elementor-element elementor-element-05aca6b elementor-widget elementor-widget-heading\" data-id=\"05aca6b\" data-element_type=\"widget\" data-widget_type=\"heading.default\">\n\t\t\t\t<div class=\"elementor-widget-container\">\n\t\t\t\t\t<h2 class=\"elementor-heading-title elementor-size-default\"><a href=\"\/it\/produzione\/\">Produzione<\/a><\/h2>\t\t\t\t<\/div>\n\t\t\t\t<\/div>\n\t\t\t\t<\/div>\n\t\t\t\t\t<\/div>\n\t\t\t\t<\/section>\n\t\t<section class=\"elementor-element elementor-element-0c9b87b section-xxs e-flex e-con-boxed e-con e-parent\" data-id=\"0c9b87b\" data-element_type=\"container\">\n\t\t\t\t\t<div class=\"e-con-inner\">\n\t\t<div class=\"elementor-element elementor-element-819ed71 e-con-full animated-slow e-flex elementor-invisible e-con e-child\" data-id=\"819ed71\" data-element_type=\"container\" data-settings=\"{&quot;animation&quot;:&quot;fadeIn&quot;,&quot;animation_delay&quot;:150}\">\n\t\t\t\t<div class=\"elementor-element elementor-element-0ccfa21 elementor-widget elementor-widget-heading\" data-id=\"0ccfa21\" data-element_type=\"widget\" data-widget_type=\"heading.default\">\n\t\t\t\t<div class=\"elementor-widget-container\">\n\t\t\t\t\t<h3 class=\"elementor-heading-title elementor-size-default\">Possedendo mangimifici di qualit\u00e0, ci assicuriamo che le galline ovaiole vengano nutrite in conformit\u00e0 con gli standard europei di qualit\u00e0, permettendo di vantare la qualit\u00e0 delle uova prodotte.<\/h3>\t\t\t\t<\/div>\n\t\t\t\t<\/div>\n\t\t\t\t<div class=\"elementor-element elementor-element-d29902b elementor-widget elementor-widget-text-editor\" data-id=\"d29902b\" data-element_type=\"widget\" data-widget_type=\"text-editor.default\">\n\t\t\t\t<div class=\"elementor-widget-container\">\n\t\t\t\t\t\t\t\t\t<p>Quindi, nei mangimifici, i nutrizionisti ed i medici veterinari collaborano ed impostano le composizioni adeguate di mangimi, per assicurare la corretta nutrizione giornaliera sia dei pulcini, sia delle galline delle galline ovaiole.<\/p>\t\t\t\t\t\t\t\t<\/div>\n\t\t\t\t<\/div>\n\t\t\t\t<\/div>\n\t\t<div class=\"elementor-element elementor-element-2a1cff9 e-con-full animated-slow e-flex elementor-invisible e-con e-child\" data-id=\"2a1cff9\" data-element_type=\"container\" data-settings=\"{&quot;animation&quot;:&quot;fadeIn&quot;,&quot;animation_delay&quot;:150}\">\n\t\t\t\t<div class=\"elementor-element elementor-element-134a9db elementor-widget elementor-widget-gallery\" data-id=\"134a9db\" data-element_type=\"widget\" data-settings=\"{&quot;columns&quot;:2,&quot;gap&quot;:{&quot;unit&quot;:&quot;px&quot;,&quot;size&quot;:30,&quot;sizes&quot;:[]},&quot;aspect_ratio&quot;:&quot;1:1&quot;,&quot;lazyload&quot;:&quot;yes&quot;,&quot;gallery_layout&quot;:&quot;grid&quot;,&quot;columns_tablet&quot;:2,&quot;columns_mobile&quot;:1,&quot;gap_widescreen&quot;:{&quot;unit&quot;:&quot;px&quot;,&quot;size&quot;:&quot;&quot;,&quot;sizes&quot;:[]},&quot;gap_laptop&quot;:{&quot;unit&quot;:&quot;px&quot;,&quot;size&quot;:10,&quot;sizes&quot;:[]},&quot;gap_tablet_extra&quot;:{&quot;unit&quot;:&quot;px&quot;,&quot;size&quot;:10,&quot;sizes&quot;:[]},&quot;gap_tablet&quot;:{&quot;unit&quot;:&quot;px&quot;,&quot;size&quot;:10,&quot;sizes&quot;:[]},&quot;gap_mobile_extra&quot;:{&quot;unit&quot;:&quot;px&quot;,&quot;size&quot;:10,&quot;sizes&quot;:[]},&quot;gap_mobile&quot;:{&quot;unit&quot;:&quot;px&quot;,&quot;size&quot;:10,&quot;sizes&quot;:[]},&quot;link_to&quot;:&quot;file&quot;,&quot;overlay_background&quot;:&quot;yes&quot;,&quot;content_hover_animation&quot;:&quot;fade-in&quot;}\" data-widget_type=\"gallery.default\">\n\t\t\t\t<div class=\"elementor-widget-container\">\n\t\t\t\t\t\t\t<div class=\"elementor-gallery__container\">\n\t\t\t\t\t\t\t<a class=\"e-gallery-item elementor-gallery-item elementor-animated-content\" href=\"https:\/\/supereggs.ro\/wp-content\/uploads\/2025\/05\/Naturelle065.webp\" data-elementor-open-lightbox=\"yes\" data-elementor-lightbox-slideshow=\"134a9db\" data-elementor-lightbox-title=\"Naturelle065\" data-e-action-hash=\"#elementor-action%3Aaction%3Dlightbox%26settings%3DeyJpZCI6MTgzMywidXJsIjoiaHR0cHM6XC9cL3N1cGVyZWdncy5yb1wvd3AtY29udGVudFwvdXBsb2Fkc1wvMjAyNVwvMDVcL05hdHVyZWxsZTA2NS53ZWJwIiwic2xpZGVzaG93IjoiMTM0YTlkYiJ9\">\n\t\t\t\t\t<div class=\"e-gallery-image elementor-gallery-item__image\" data-thumbnail=\"https:\/\/supereggs.ro\/wp-content\/uploads\/2025\/05\/Naturelle065-768x1154.webp\" data-width=\"768\" data-height=\"1154\" aria-label=\"\" role=\"img\" ><\/div>\n\t\t\t\t\t\t\t\t\t\t\t<div class=\"elementor-gallery-item__overlay\"><\/div>\n\t\t\t\t\t\t\t\t\t\t\t\t\t\t<\/a>\n\t\t\t\t\t\t\t<a class=\"e-gallery-item elementor-gallery-item elementor-animated-content\" href=\"https:\/\/supereggs.ro\/wp-content\/uploads\/2025\/05\/Naturelle064.webp\" data-elementor-open-lightbox=\"yes\" data-elementor-lightbox-slideshow=\"134a9db\" data-elementor-lightbox-title=\"Naturelle064\" data-e-action-hash=\"#elementor-action%3Aaction%3Dlightbox%26settings%3DeyJpZCI6MjA3NSwidXJsIjoiaHR0cHM6XC9cL3N1cGVyZWdncy5yb1wvd3AtY29udGVudFwvdXBsb2Fkc1wvMjAyNVwvMDVcL05hdHVyZWxsZTA2NC53ZWJwIiwic2xpZGVzaG93IjoiMTM0YTlkYiJ9\">\n\t\t\t\t\t<div class=\"e-gallery-image elementor-gallery-item__image\" data-thumbnail=\"https:\/\/supereggs.ro\/wp-content\/uploads\/2025\/05\/Naturelle064-768x1154.webp\" data-width=\"768\" data-height=\"1154\" aria-label=\"\" role=\"img\" ><\/div>\n\t\t\t\t\t\t\t\t\t\t\t<div class=\"elementor-gallery-item__overlay\"><\/div>\n\t\t\t\t\t\t\t\t\t\t\t\t\t\t<\/a>\n\t\t\t\t\t<\/div>\n\t\t\t\t\t<\/div>\n\t\t\t\t<\/div>\n\t\t\t\t<\/div>\n\t\t<div class=\"elementor-element elementor-element-2272947 e-con-full animated-slow e-flex elementor-invisible e-con e-child\" data-id=\"2272947\" data-element_type=\"container\" data-settings=\"{&quot;animation&quot;:&quot;fadeIn&quot;,&quot;animation_delay&quot;:300}\">\n\t\t\t\t<div class=\"elementor-element elementor-element-da8ea04 elementor-widget elementor-widget-heading\" data-id=\"da8ea04\" data-element_type=\"widget\" data-widget_type=\"heading.default\">\n\t\t\t\t<div class=\"elementor-widget-container\">\n\t\t\t\t\t<h3 class=\"elementor-heading-title elementor-size-default\">Nei mangimifici le condizioni di lavoro sono conformi agli standard di qualit\u00e0 europea. <\/h3>\t\t\t\t<\/div>\n\t\t\t\t<\/div>\n\t\t\t\t<div class=\"elementor-element elementor-element-4d7bbb9 elementor-widget elementor-widget-text-editor\" data-id=\"4d7bbb9\" data-element_type=\"widget\" data-widget_type=\"text-editor.default\">\n\t\t\t\t<div class=\"elementor-widget-container\">\n\t\t\t\t\t\t\t\t\t<p>Lo stabilimento \u00e8 stato modernizzato e vi vengono portate materie prime provenienti da fornitori affidabili, con cui collaboriamo da molto tempo.\u00a0<\/p><p>Vista la qualit\u00e0 delle materie prime e delle quote di performance di fabbricazione, garantiamo la sicurezza della qualit\u00e0 del cibo dei nostri animali e implicitamente delle uova che saranno fornite o di quelle che diventeranno materie prime per i prodotti forniti da noi: uova pastorizzate e uova in polvere.<\/p>\t\t\t\t\t\t\t\t<\/div>\n\t\t\t\t<\/div>\n\t\t\t\t<\/div>\n\t\t\t\t\t<\/div>\n\t\t\t\t<\/section>\n\t\t\t\t<\/div>","protected":false},"excerpt":{"rendered":"<p>Ne producem singuri hrana pentru p\u0103s\u0103ri, ca s\u0103 avem control total asupra calit\u0103\u021bii. Re\u021betele sunt echilibrate \u0219i naturale, g\u00e2ndite pentru ou\u0103 c\u00e2t mai bune \u0219i mai sigure. Produc\u021bie Prin faptul c\u0103 de\u021binem propria fabric\u0103 de nutre\u021buri combinate, ne asigur\u0103m c\u0103 g\u0103inile ouatoare sunt hr\u0103nite conform standardelor europene de calitate, fapt ce se reflect\u0103 \u0219i \u00een [&hellip;]<\/p>","protected":false},"author":1,"featured_media":0,"parent":1248,"menu_order":3,"comment_status":"closed","ping_status":"closed","template":"","meta":{"footnotes":""},"class_list":["post-1484","page","type-page","status-publish","hentry"],"_links":{"self":[{"href":"https:\/\/supereggs.ro\/it\/wp-json\/wp\/v2\/pages\/1484","targetHints":{"allow":["GET"]}}],"collection":[{"href":"https:\/\/supereggs.ro\/it\/wp-json\/wp\/v2\/pages"}],"about":[{"href":"https:\/\/supereggs.ro\/it\/wp-json\/wp\/v2\/types\/page"}],"author":[{"embeddable":true,"href":"https:\/\/supereggs.ro\/it\/wp-json\/wp\/v2\/users\/1"}],"replies":[{"embeddable":true,"href":"https:\/\/supereggs.ro\/it\/wp-json\/wp\/v2\/comments?post=1484"}],"version-history":[{"count":0,"href":"https:\/\/supereggs.ro\/it\/wp-json\/wp\/v2\/pages\/1484\/revisions"}],"up":[{"embeddable":true,"href":"https:\/\/supereggs.ro\/it\/wp-json\/wp\/v2\/pages\/1248"}],"wp:attachment":[{"href":"https:\/\/supereggs.ro\/it\/wp-json\/wp\/v2\/media?parent=1484"}],"curies":[{"name":"wp","href":"https:\/\/api.w.org\/{rel}","templated":true}]}}