{"id":1506,"date":"2025-05-05T06:59:54","date_gmt":"2025-05-05T06:59:54","guid":{"rendered":"https:\/\/supereggs.ro\/?page_id=1506"},"modified":"2025-11-10T14:42:58","modified_gmt":"2025-11-10T14:42:58","slug":"impianti-di-pastorizzazione","status":"publish","type":"page","link":"https:\/\/supereggs.ro\/it\/produzione\/impianti-di-pastorizzazione\/","title":{"rendered":"Impianti di pastorizzazione"},"content":{"rendered":"<div data-elementor-type=\"wp-page\" data-elementor-id=\"1506\" class=\"elementor elementor-1506\" data-elementor-post-type=\"page\">\n\t\t\t\t<section class=\"elementor-element elementor-element-dee79c2 section-xxs e-flex e-con-boxed e-con e-parent\" data-id=\"dee79c2\" data-element_type=\"container\" data-settings=\"{&quot;background_background&quot;:&quot;classic&quot;}\">\n\t\t\t\t\t<div class=\"e-con-inner\">\n\t\t<div class=\"elementor-element elementor-element-6f0ead4 e-con-full e-flex e-con e-child\" data-id=\"6f0ead4\" data-element_type=\"container\" data-settings=\"{&quot;background_background&quot;:&quot;classic&quot;}\">\n\t\t\t\t<div class=\"elementor-element elementor-element-0769276 elementor-widget elementor-widget-heading\" data-id=\"0769276\" data-element_type=\"widget\" data-widget_type=\"heading.default\">\n\t\t\t\t<div class=\"elementor-widget-container\">\n\t\t\t\t\t<h1 class=\"elementor-heading-title elementor-size-default\">Impianti di pastorizzazione<\/h1>\t\t\t\t<\/div>\n\t\t\t\t<\/div>\n\t\t\t\t<div class=\"elementor-element elementor-element-2b4b688 elementor-widget elementor-widget-text-editor\" data-id=\"2b4b688\" data-element_type=\"widget\" data-widget_type=\"text-editor.default\">\n\t\t\t\t<div class=\"elementor-widget-container\">\n\t\t\t\t\t\t\t\t\t<p>La nostra fabbrica di uova pastorizzate produce uova intere, albumi e tuorli, su misura per le esigenze di ogni cliente. I prodotti sono naturali, senza additivi, e vengono consegnati in una variet\u00e0 di confezioni, da 3 kg a autocisterne da 20 tonnellate.<\/p>\t\t\t\t\t\t\t\t<\/div>\n\t\t\t\t<\/div>\n\t\t\t\t<\/div>\n\t\t<div class=\"elementor-element elementor-element-74fa90b e-con-full e-flex e-con e-child\" data-id=\"74fa90b\" data-element_type=\"container\" data-settings=\"{&quot;background_background&quot;:&quot;classic&quot;}\">\n\t\t\t\t<div class=\"elementor-element elementor-element-05aca6b elementor-widget elementor-widget-heading\" data-id=\"05aca6b\" data-element_type=\"widget\" data-widget_type=\"heading.default\">\n\t\t\t\t<div class=\"elementor-widget-container\">\n\t\t\t\t\t<h2 class=\"elementor-heading-title elementor-size-default\"><a href=\"\/it\/produzione\/\">Produzione<\/a><\/h2>\t\t\t\t<\/div>\n\t\t\t\t<\/div>\n\t\t\t\t<\/div>\n\t\t\t\t\t<\/div>\n\t\t\t\t<\/section>\n\t\t<section class=\"elementor-element elementor-element-0c9b87b section-xxs e-flex e-con-boxed e-con e-parent\" data-id=\"0c9b87b\" data-element_type=\"container\">\n\t\t\t\t\t<div class=\"e-con-inner\">\n\t\t<div class=\"elementor-element elementor-element-819ed71 e-con-full animated-slow e-flex elementor-invisible e-con e-child\" data-id=\"819ed71\" data-element_type=\"container\" data-settings=\"{&quot;animation&quot;:&quot;fadeIn&quot;,&quot;animation_delay&quot;:150}\">\n\t\t\t\t<div class=\"elementor-element elementor-element-0ccfa21 elementor-widget elementor-widget-heading\" data-id=\"0ccfa21\" data-element_type=\"widget\" data-widget_type=\"heading.default\">\n\t\t\t\t<div class=\"elementor-widget-container\">\n\t\t\t\t\t<h3 class=\"elementor-heading-title elementor-size-default\">Una parte delle uova selezionate nei centri di raccolta, smistamento e confezionamento di Super Eggs (sia quelle di categoria A che quelle di categoria B) arriva nel proprio stabilimento di pastorizzazione delle uova.<\/h3>\t\t\t\t<\/div>\n\t\t\t\t<\/div>\n\t\t\t\t<div class=\"elementor-element elementor-element-d29902b elementor-widget elementor-widget-text-editor\" data-id=\"d29902b\" data-element_type=\"widget\" data-widget_type=\"text-editor.default\">\n\t\t\t\t<div class=\"elementor-widget-container\">\n\t\t\t\t\t\t\t\t\t<p>Grazie ad attrezzature di ultima generazione, l'albume viene separato perfettamente dal tuorlo, in modo che, al termine del processo tecnologico, si ottengano sia uova pastorizzate intere che albumi pastorizzati e tuorli pastorizzati.<\/p><p>La fabbrica \u00e8 moderna e rispetta i requisiti degli ultimi standard europei. L\u2019intero processo tecnologico \u00e8 automatizzato e controllato cosi da poter garantire che i prodotti finiti siano della miglior qualit\u00e0 e mantenuti alla temperatura e umidit\u00e0 ottima.<\/p>\t\t\t\t\t\t\t\t<\/div>\n\t\t\t\t<\/div>\n\t\t\t\t<\/div>\n\t\t<div class=\"elementor-element elementor-element-2a1cff9 e-con-full animated-slow e-flex elementor-invisible e-con e-child\" data-id=\"2a1cff9\" data-element_type=\"container\" data-settings=\"{&quot;animation&quot;:&quot;fadeIn&quot;,&quot;animation_delay&quot;:150}\">\n\t\t\t\t<div class=\"elementor-element elementor-element-134a9db elementor-widget elementor-widget-gallery\" data-id=\"134a9db\" data-element_type=\"widget\" data-settings=\"{&quot;columns&quot;:2,&quot;gap&quot;:{&quot;unit&quot;:&quot;px&quot;,&quot;size&quot;:30,&quot;sizes&quot;:[]},&quot;lazyload&quot;:&quot;yes&quot;,&quot;gallery_layout&quot;:&quot;grid&quot;,&quot;columns_tablet&quot;:2,&quot;columns_mobile&quot;:1,&quot;gap_widescreen&quot;:{&quot;unit&quot;:&quot;px&quot;,&quot;size&quot;:&quot;&quot;,&quot;sizes&quot;:[]},&quot;gap_laptop&quot;:{&quot;unit&quot;:&quot;px&quot;,&quot;size&quot;:10,&quot;sizes&quot;:[]},&quot;gap_tablet_extra&quot;:{&quot;unit&quot;:&quot;px&quot;,&quot;size&quot;:10,&quot;sizes&quot;:[]},&quot;gap_tablet&quot;:{&quot;unit&quot;:&quot;px&quot;,&quot;size&quot;:10,&quot;sizes&quot;:[]},&quot;gap_mobile_extra&quot;:{&quot;unit&quot;:&quot;px&quot;,&quot;size&quot;:10,&quot;sizes&quot;:[]},&quot;gap_mobile&quot;:{&quot;unit&quot;:&quot;px&quot;,&quot;size&quot;:10,&quot;sizes&quot;:[]},&quot;link_to&quot;:&quot;file&quot;,&quot;aspect_ratio&quot;:&quot;3:2&quot;,&quot;overlay_background&quot;:&quot;yes&quot;,&quot;content_hover_animation&quot;:&quot;fade-in&quot;}\" data-widget_type=\"gallery.default\">\n\t\t\t\t<div class=\"elementor-widget-container\">\n\t\t\t\t\t\t\t<div class=\"elementor-gallery__container\">\n\t\t\t\t\t\t\t<a class=\"e-gallery-item elementor-gallery-item elementor-animated-content\" href=\"https:\/\/supereggs.ro\/wp-content\/uploads\/2025\/07\/oua-pasteurizate.webp\" data-elementor-open-lightbox=\"yes\" data-elementor-lightbox-slideshow=\"134a9db\" data-elementor-lightbox-title=\"oua-pasteurizate\" data-e-action-hash=\"#elementor-action%3Aaction%3Dlightbox%26settings%3DeyJpZCI6MjM3OSwidXJsIjoiaHR0cHM6XC9cL3N1cGVyZWdncy5yb1wvd3AtY29udGVudFwvdXBsb2Fkc1wvMjAyNVwvMDdcL291YS1wYXN0ZXVyaXphdGUud2VicCIsInNsaWRlc2hvdyI6IjEzNGE5ZGIifQ%3D%3D\">\n\t\t\t\t\t<div class=\"e-gallery-image elementor-gallery-item__image\" data-thumbnail=\"https:\/\/supereggs.ro\/wp-content\/uploads\/2025\/07\/oua-pasteurizate.webp\" data-width=\"460\" data-height=\"460\" aria-label=\"\" role=\"img\" ><\/div>\n\t\t\t\t\t\t\t\t\t\t\t<div class=\"elementor-gallery-item__overlay\"><\/div>\n\t\t\t\t\t\t\t\t\t\t\t\t\t\t<\/a>\n\t\t\t\t\t\t\t<a class=\"e-gallery-item elementor-gallery-item elementor-animated-content\" href=\"https:\/\/supereggs.ro\/wp-content\/uploads\/2025\/07\/galbenus_pasteurizat.webp\" data-elementor-open-lightbox=\"yes\" data-elementor-lightbox-slideshow=\"134a9db\" data-elementor-lightbox-title=\"galbenus_pasteurizat\" data-e-action-hash=\"#elementor-action%3Aaction%3Dlightbox%26settings%3DeyJpZCI6MjM4MCwidXJsIjoiaHR0cHM6XC9cL3N1cGVyZWdncy5yb1wvd3AtY29udGVudFwvdXBsb2Fkc1wvMjAyNVwvMDdcL2dhbGJlbnVzX3Bhc3RldXJpemF0LndlYnAiLCJzbGlkZXNob3ciOiIxMzRhOWRiIn0%3D\">\n\t\t\t\t\t<div class=\"e-gallery-image elementor-gallery-item__image\" data-thumbnail=\"https:\/\/supereggs.ro\/wp-content\/uploads\/2025\/07\/galbenus_pasteurizat.webp\" data-width=\"460\" data-height=\"460\" aria-label=\"\" role=\"img\" ><\/div>\n\t\t\t\t\t\t\t\t\t\t\t<div class=\"elementor-gallery-item__overlay\"><\/div>\n\t\t\t\t\t\t\t\t\t\t\t\t\t\t<\/a>\n\t\t\t\t\t<\/div>\n\t\t\t\t\t<\/div>\n\t\t\t\t<\/div>\n\t\t\t\t<\/div>\n\t\t<div class=\"elementor-element elementor-element-2272947 e-con-full animated-slow e-flex elementor-invisible e-con e-child\" data-id=\"2272947\" data-element_type=\"container\" data-settings=\"{&quot;animation&quot;:&quot;fadeIn&quot;,&quot;animation_delay&quot;:300}\">\n\t\t\t\t<div class=\"elementor-element elementor-element-da8ea04 elementor-widget elementor-widget-heading\" data-id=\"da8ea04\" data-element_type=\"widget\" data-widget_type=\"heading.default\">\n\t\t\t\t<div class=\"elementor-widget-container\">\n\t\t\t\t\t<h3 class=\"elementor-heading-title elementor-size-default\">L\u2019uovo pastorizzato, l\u2019albume pastorizzato e il tuorlo pastorizzato sono utilizzati in diverse ricette di preparazione dei diversi prodotti alimentari, ricette che tante volte differiscono una dall\u2019altra a seconda dei parametri tecnici.<\/h3>\t\t\t\t<\/div>\n\t\t\t\t<\/div>\n\t\t\t\t<div class=\"elementor-element elementor-element-4d7bbb9 elementor-widget elementor-widget-text-editor\" data-id=\"4d7bbb9\" data-element_type=\"widget\" data-widget_type=\"text-editor.default\">\n\t\t\t\t<div class=\"elementor-widget-container\">\n\t\t\t\t\t\t\t\t\t<p>Come tale, ci siamo adattati perfettamente ai requisiti dei nostri clienti. Cosi prepariamo sia le uova pastorizzate, che albumi o tuorli pastorizzati in base alla scheda tecnica che ci viene messa alla disposizione dal cliente. In questa modo possiamo dare la sicurezza di utilizzare materie prime di qualit\u00e0 per la preparazione dei prodotti che commercializza.<\/p><p>Le uova pasteurizzate vengono fornite sia in bag-in-box da 3 kg, 5 kg, 10 kg e 20 kg, in cisterne da una tonnellata, come anche in autocisterne da 20 tonnellate cos\u00ec da garantire al cliente la variet\u00e0 dei formati a seconda delle proprie esigenze.<\/p><p>Le uova pastorizzate prodotte e fornite da Super Eggs sono naturali, senza aggiunte artificiali.<\/p><p>L\u2019impianto di pastorizzazione \u00e8 di propriet\u00e0 di Super Eggs ed \u00e8 certificata in conformit\u00e0 allo standard IFS.<\/p>\t\t\t\t\t\t\t\t<\/div>\n\t\t\t\t<\/div>\n\t\t\t\t<\/div>\n\t\t\t\t\t<\/div>\n\t\t\t\t<\/section>\n\t\t\t\t<\/div>","protected":false},"excerpt":{"rendered":"<p>Fabrica noastr\u0103 de ou\u0103 pasteurizate produce ou integral, albu\u0219 \u0219i g\u0103lbenu\u0219, adaptate cerin\u021belor fiec\u0103rui client. Produsele sunt naturale, f\u0103r\u0103 aditivi, \u0219i livrate \u00een ambalaje variate, de la 3 kg p\u00e2n\u0103 la autocisterne de 20 de tone. Produc\u021bie O parte din ou\u0103le sortate \u00een centrele de colectare, sortare \u0219i ambalare ale Super Eggs (at\u00e2t cele din [&hellip;]<\/p>","protected":false},"author":1,"featured_media":0,"parent":1248,"menu_order":5,"comment_status":"closed","ping_status":"closed","template":"","meta":{"footnotes":""},"class_list":["post-1506","page","type-page","status-publish","hentry"],"_links":{"self":[{"href":"https:\/\/supereggs.ro\/it\/wp-json\/wp\/v2\/pages\/1506","targetHints":{"allow":["GET"]}}],"collection":[{"href":"https:\/\/supereggs.ro\/it\/wp-json\/wp\/v2\/pages"}],"about":[{"href":"https:\/\/supereggs.ro\/it\/wp-json\/wp\/v2\/types\/page"}],"author":[{"embeddable":true,"href":"https:\/\/supereggs.ro\/it\/wp-json\/wp\/v2\/users\/1"}],"replies":[{"embeddable":true,"href":"https:\/\/supereggs.ro\/it\/wp-json\/wp\/v2\/comments?post=1506"}],"version-history":[{"count":0,"href":"https:\/\/supereggs.ro\/it\/wp-json\/wp\/v2\/pages\/1506\/revisions"}],"up":[{"embeddable":true,"href":"https:\/\/supereggs.ro\/it\/wp-json\/wp\/v2\/pages\/1248"}],"wp:attachment":[{"href":"https:\/\/supereggs.ro\/it\/wp-json\/wp\/v2\/media?parent=1506"}],"curies":[{"name":"wp","href":"https:\/\/api.w.org\/{rel}","templated":true}]}}