{"id":1594,"date":"2025-05-05T12:51:03","date_gmt":"2025-05-05T12:51:03","guid":{"rendered":"https:\/\/supereggs.ro\/?page_id=1594"},"modified":"2025-07-23T08:33:23","modified_gmt":"2025-07-23T08:33:23","slug":"prodotti","status":"publish","type":"page","link":"https:\/\/supereggs.ro\/it\/prodotti\/","title":{"rendered":"Prodotti"},"content":{"rendered":"<div data-elementor-type=\"wp-page\" data-elementor-id=\"1594\" class=\"elementor elementor-1594\" data-elementor-post-type=\"page\">\n\t\t\t\t<section class=\"elementor-element elementor-element-dee79c2 section-xxs e-flex e-con-boxed e-con e-parent\" data-id=\"dee79c2\" data-element_type=\"container\" data-settings=\"{&quot;background_background&quot;:&quot;classic&quot;}\">\n\t\t\t\t\t<div class=\"e-con-inner\">\n\t\t<div class=\"elementor-element elementor-element-6f0ead4 e-con-full e-flex e-con e-child\" data-id=\"6f0ead4\" data-element_type=\"container\" data-settings=\"{&quot;background_background&quot;:&quot;classic&quot;}\">\n\t\t\t\t<div class=\"elementor-element elementor-element-0769276 elementor-widget elementor-widget-heading\" data-id=\"0769276\" data-element_type=\"widget\" data-widget_type=\"heading.default\">\n\t\t\t\t<div class=\"elementor-widget-container\">\n\t\t\t\t\t<h1 class=\"elementor-heading-title elementor-size-default\">Ci impegniamo a portare sulla vostra tavola alimenti puliti, gustosi e responsabili.<\/h1>\t\t\t\t<\/div>\n\t\t\t\t<\/div>\n\t\t\t\t<div class=\"elementor-element elementor-element-2b4b688 elementor-widget elementor-widget-text-editor\" data-id=\"2b4b688\" data-element_type=\"widget\" data-widget_type=\"text-editor.default\">\n\t\t\t\t<div class=\"elementor-widget-container\">\n\t\t\t\t\t\t\t\t\t<p>Super Eggs significa uova di cui ci si pu\u00f2 fidare, provenienti da allevamenti in cui l'etica, la qualit\u00e0 e la cura degli animali sono presenti in ogni dettaglio.<\/p>\t\t\t\t\t\t\t\t<\/div>\n\t\t\t\t<\/div>\n\t\t\t\t<\/div>\n\t\t<div class=\"elementor-element elementor-element-74fa90b e-con-full e-flex e-con e-child\" data-id=\"74fa90b\" data-element_type=\"container\" data-settings=\"{&quot;background_background&quot;:&quot;classic&quot;}\">\n\t\t\t\t<div class=\"elementor-element elementor-element-05aca6b elementor-widget elementor-widget-heading\" data-id=\"05aca6b\" data-element_type=\"widget\" data-widget_type=\"heading.default\">\n\t\t\t\t<div class=\"elementor-widget-container\">\n\t\t\t\t\t<h2 class=\"elementor-heading-title elementor-size-default\">Prodotti<\/h2>\t\t\t\t<\/div>\n\t\t\t\t<\/div>\n\t\t\t\t<\/div>\n\t\t\t\t\t<\/div>\n\t\t\t\t<\/section>\n\t\t<section class=\"elementor-element elementor-element-bc4f2ed section-xxs e-flex e-con-boxed e-con e-parent\" data-id=\"bc4f2ed\" data-element_type=\"container\">\n\t\t\t\t\t<div class=\"e-con-inner\">\n\t\t<div class=\"elementor-element elementor-element-9c17713 e-con-full e-flex e-con e-child\" data-id=\"9c17713\" data-element_type=\"container\">\n\t\t\t\t<div class=\"elementor-element elementor-element-2613900 elementor-widget elementor-widget-heading\" data-id=\"2613900\" data-element_type=\"widget\" data-widget_type=\"heading.default\">\n\t\t\t\t<div class=\"elementor-widget-container\">\n\t\t\t\t\t<h3 class=\"elementor-heading-title elementor-size-default\">Da Super Eggs, le uova iniziano con la cura: per gli uccelli, per la natura e per voi. <\/h3>\t\t\t\t<\/div>\n\t\t\t\t<\/div>\n\t\t\t\t<\/div>\n\t\t<div class=\"elementor-element elementor-element-2291973 e-con-full e-grid e-con e-child\" data-id=\"2291973\" data-element_type=\"container\">\n\t\t<div class=\"elementor-element elementor-element-39741e7 e-con-full e-grid e-con e-child\" data-id=\"39741e7\" data-element_type=\"container\">\n\t\t<div class=\"elementor-element elementor-element-6f795ae e-con-full e-flex e-con e-child\" data-id=\"6f795ae\" data-element_type=\"container\">\n\t\t\t\t<div class=\"elementor-element elementor-element-6088626 maskBottom elementor-widget elementor-widget-image\" data-id=\"6088626\" data-element_type=\"widget\" data-widget_type=\"image.default\">\n\t\t\t\t<div class=\"elementor-widget-container\">\n\t\t\t\t\t\t\t\t\t\t\t\t\t\t\t<img fetchpriority=\"high\" decoding=\"async\" width=\"681\" height=\"1024\" src=\"https:\/\/supereggs.ro\/wp-content\/uploads\/2025\/05\/Naturelle043-681x1024.webp\" class=\"attachment-large size-large wp-image-2113\" alt=\"\" srcset=\"https:\/\/supereggs.ro\/wp-content\/uploads\/2025\/05\/Naturelle043-681x1024.webp 681w, https:\/\/supereggs.ro\/wp-content\/uploads\/2025\/05\/Naturelle043-200x300.webp 200w, https:\/\/supereggs.ro\/wp-content\/uploads\/2025\/05\/Naturelle043-768x1154.webp 768w, https:\/\/supereggs.ro\/wp-content\/uploads\/2025\/05\/Naturelle043-1022x1536.webp 1022w, https:\/\/supereggs.ro\/wp-content\/uploads\/2025\/05\/Naturelle043-8x12.webp 8w, https:\/\/supereggs.ro\/wp-content\/uploads\/2025\/05\/Naturelle043.webp 1024w\" sizes=\"(max-width: 681px) 100vw, 681px\" \/>\t\t\t\t\t\t\t\t\t\t\t\t\t\t\t<\/div>\n\t\t\t\t<\/div>\n\t\t\t\t<div class=\"elementor-element elementor-element-d44c79b elementor-widget elementor-widget-heading\" data-id=\"d44c79b\" data-element_type=\"widget\" data-widget_type=\"heading.default\">\n\t\t\t\t<div class=\"elementor-widget-container\">\n\t\t\t\t\t<h3 class=\"elementor-heading-title elementor-size-default\">Uova confezionate<\/h3>\t\t\t\t<\/div>\n\t\t\t\t<\/div>\n\t\t\t\t<\/div>\n\t\t<div class=\"elementor-element elementor-element-d9dae6d e-con-full e-flex e-con e-child\" data-id=\"d9dae6d\" data-element_type=\"container\">\n\t\t\t\t<div class=\"elementor-element elementor-element-65f880d elementor-widget elementor-widget-text-editor\" data-id=\"65f880d\" data-element_type=\"widget\" data-widget_type=\"text-editor.default\">\n\t\t\t\t<div class=\"elementor-widget-container\">\n\t\t\t\t\t\t\t\t\t<p>Confezioniamo le nostre uova con cura, in formati pratici per ogni esigenza, dalle piccole casse alle scatole per famiglie. Ogni uovo arriva fresco, sicuro e pronto all'uso.<\/p>\t\t\t\t\t\t\t\t<\/div>\n\t\t\t\t<\/div>\n\t\t\t\t<div class=\"elementor-element elementor-element-ebea16a elementor-widget-divider--view-line elementor-widget elementor-widget-divider\" data-id=\"ebea16a\" data-element_type=\"widget\" data-widget_type=\"divider.default\">\n\t\t\t\t<div class=\"elementor-widget-container\">\n\t\t\t\t\t\t\t<div class=\"elementor-divider\">\n\t\t\t<span class=\"elementor-divider-separator\">\n\t\t\t\t\t\t<\/span>\n\t\t<\/div>\n\t\t\t\t\t\t<\/div>\n\t\t\t\t<\/div>\n\t\t\t\t<div class=\"elementor-element elementor-element-2f94374 elementor-align-justify elementor-widget elementor-widget-button\" data-id=\"2f94374\" data-element_type=\"widget\" data-widget_type=\"button.default\">\n\t\t\t\t<div class=\"elementor-widget-container\">\n\t\t\t\t\t\t\t\t\t<div class=\"elementor-button-wrapper\">\n\t\t\t\t\t<a class=\"elementor-button elementor-button-link elementor-size-sm\" href=\"\/it\/prodotti\/uova-confezionate\/\">\n\t\t\t\t\t\t<span class=\"elementor-button-content-wrapper\">\n\t\t\t\t\t\t<span class=\"elementor-button-icon\">\n\t\t\t\t<svg aria-hidden=\"true\" class=\"e-font-icon-svg e-fas-arrow-circle-right\" viewbox=\"0 0 512 512\" xmlns=\"http:\/\/www.w3.org\/2000\/svg\"><path d=\"M256 8c137 0 248 111 248 248S393 504 256 504 8 393 8 256 119 8 256 8zm-28.9 143.6l75.5 72.4H120c-13.3 0-24 10.7-24 24v16c0 13.3 10.7 24 24 24h182.6l-75.5 72.4c-9.7 9.3-9.9 24.8-.4 34.3l11 10.9c9.4 9.4 24.6 9.4 33.9 0L404.3 273c9.4-9.4 9.4-24.6 0-33.9L271.6 106.3c-9.4-9.4-24.6-9.4-33.9 0l-11 10.9c-9.5 9.6-9.3 25.1.4 34.4z\"><\/path><\/svg>\t\t\t<\/span>\n\t\t\t\t\t\t\t\t\t<span class=\"elementor-button-text\">Leggi qui<\/span>\n\t\t\t\t\t<\/span>\n\t\t\t\t\t<\/a>\n\t\t\t\t<\/div>\n\t\t\t\t\t\t\t\t<\/div>\n\t\t\t\t<\/div>\n\t\t\t\t<\/div>\n\t\t\t\t<\/div>\n\t\t<div class=\"elementor-element elementor-element-062c7b8 e-con-full e-grid e-con e-child\" data-id=\"062c7b8\" data-element_type=\"container\">\n\t\t<div class=\"elementor-element elementor-element-f4b7cfb e-con-full e-flex e-con e-child\" data-id=\"f4b7cfb\" data-element_type=\"container\">\n\t\t\t\t<div class=\"elementor-element elementor-element-9e7508d maskBottom elementor-widget elementor-widget-image\" data-id=\"9e7508d\" data-element_type=\"widget\" data-widget_type=\"image.default\">\n\t\t\t\t<div class=\"elementor-widget-container\">\n\t\t\t\t\t\t\t\t\t\t\t\t\t\t\t<img decoding=\"async\" width=\"800\" height=\"534\" src=\"https:\/\/supereggs.ro\/wp-content\/uploads\/2025\/05\/Design-f-ar-a-titlu-5.webp\" class=\"attachment-large size-large wp-image-2151\" alt=\"\" srcset=\"https:\/\/supereggs.ro\/wp-content\/uploads\/2025\/05\/Design-f-ar-a-titlu-5.webp 1000w, https:\/\/supereggs.ro\/wp-content\/uploads\/2025\/05\/Design-f-ar-a-titlu-5-300x200.webp 300w, https:\/\/supereggs.ro\/wp-content\/uploads\/2025\/05\/Design-f-ar-a-titlu-5-768x512.webp 768w, https:\/\/supereggs.ro\/wp-content\/uploads\/2025\/05\/Design-f-ar-a-titlu-5-18x12.webp 18w\" sizes=\"(max-width: 800px) 100vw, 800px\" \/>\t\t\t\t\t\t\t\t\t\t\t\t\t\t\t<\/div>\n\t\t\t\t<\/div>\n\t\t\t\t<div class=\"elementor-element elementor-element-4accc84 elementor-widget elementor-widget-heading\" data-id=\"4accc84\" data-element_type=\"widget\" data-widget_type=\"heading.default\">\n\t\t\t\t<div class=\"elementor-widget-container\">\n\t\t\t\t\t<h3 class=\"elementor-heading-title elementor-size-default\">Uova pastorizzate<\/h3>\t\t\t\t<\/div>\n\t\t\t\t<\/div>\n\t\t\t\t<\/div>\n\t\t<div class=\"elementor-element elementor-element-36d4f9c e-con-full e-flex e-con e-child\" data-id=\"36d4f9c\" data-element_type=\"container\">\n\t\t\t\t<div class=\"elementor-element elementor-element-3749989 elementor-widget elementor-widget-text-editor\" data-id=\"3749989\" data-element_type=\"widget\" data-widget_type=\"text-editor.default\">\n\t\t\t\t<div class=\"elementor-widget-container\">\n\t\t\t\t\t\t\t\t\t<p>Offriamo uova pastorizzate \u2013 miscela, albume, tuorli \u2013 adatte a diverse applicazioni nell'industria alimentare. I prodotti sono naturali al 100% e vengono consegnati in confezioni flessibili.<\/p>\t\t\t\t\t\t\t\t<\/div>\n\t\t\t\t<\/div>\n\t\t\t\t<div class=\"elementor-element elementor-element-634b32c elementor-widget-divider--view-line elementor-widget elementor-widget-divider\" data-id=\"634b32c\" data-element_type=\"widget\" data-widget_type=\"divider.default\">\n\t\t\t\t<div class=\"elementor-widget-container\">\n\t\t\t\t\t\t\t<div class=\"elementor-divider\">\n\t\t\t<span class=\"elementor-divider-separator\">\n\t\t\t\t\t\t<\/span>\n\t\t<\/div>\n\t\t\t\t\t\t<\/div>\n\t\t\t\t<\/div>\n\t\t\t\t<div class=\"elementor-element elementor-element-2d0ab0f elementor-align-justify elementor-widget elementor-widget-button\" data-id=\"2d0ab0f\" data-element_type=\"widget\" data-widget_type=\"button.default\">\n\t\t\t\t<div class=\"elementor-widget-container\">\n\t\t\t\t\t\t\t\t\t<div class=\"elementor-button-wrapper\">\n\t\t\t\t\t<a class=\"elementor-button elementor-button-link elementor-size-sm\" href=\"\/it\/prodotti\/uova-pastorizzate\/\">\n\t\t\t\t\t\t<span class=\"elementor-button-content-wrapper\">\n\t\t\t\t\t\t<span class=\"elementor-button-icon\">\n\t\t\t\t<svg aria-hidden=\"true\" class=\"e-font-icon-svg e-fas-arrow-circle-right\" viewbox=\"0 0 512 512\" xmlns=\"http:\/\/www.w3.org\/2000\/svg\"><path d=\"M256 8c137 0 248 111 248 248S393 504 256 504 8 393 8 256 119 8 256 8zm-28.9 143.6l75.5 72.4H120c-13.3 0-24 10.7-24 24v16c0 13.3 10.7 24 24 24h182.6l-75.5 72.4c-9.7 9.3-9.9 24.8-.4 34.3l11 10.9c9.4 9.4 24.6 9.4 33.9 0L404.3 273c9.4-9.4 9.4-24.6 0-33.9L271.6 106.3c-9.4-9.4-24.6-9.4-33.9 0l-11 10.9c-9.5 9.6-9.3 25.1.4 34.4z\"><\/path><\/svg>\t\t\t<\/span>\n\t\t\t\t\t\t\t\t\t<span class=\"elementor-button-text\">Leggi qui<\/span>\n\t\t\t\t\t<\/span>\n\t\t\t\t\t<\/a>\n\t\t\t\t<\/div>\n\t\t\t\t\t\t\t\t<\/div>\n\t\t\t\t<\/div>\n\t\t\t\t<\/div>\n\t\t\t\t<\/div>\n\t\t<div class=\"elementor-element elementor-element-bcf717e e-con-full e-grid e-con e-child\" data-id=\"bcf717e\" data-element_type=\"container\">\n\t\t<div class=\"elementor-element elementor-element-faf2bed e-con-full e-flex e-con e-child\" data-id=\"faf2bed\" data-element_type=\"container\">\n\t\t\t\t<div class=\"elementor-element elementor-element-b958bdf maskBottom elementor-widget elementor-widget-image\" data-id=\"b958bdf\" data-element_type=\"widget\" data-widget_type=\"image.default\">\n\t\t\t\t<div class=\"elementor-widget-container\">\n\t\t\t\t\t\t\t\t\t\t\t\t\t\t\t<img decoding=\"async\" width=\"800\" height=\"534\" src=\"https:\/\/supereggs.ro\/wp-content\/uploads\/2025\/05\/praf-de-oua.webp\" class=\"attachment-large size-large wp-image-2150\" alt=\"\" srcset=\"https:\/\/supereggs.ro\/wp-content\/uploads\/2025\/05\/praf-de-oua.webp 1000w, https:\/\/supereggs.ro\/wp-content\/uploads\/2025\/05\/praf-de-oua-300x200.webp 300w, https:\/\/supereggs.ro\/wp-content\/uploads\/2025\/05\/praf-de-oua-768x512.webp 768w, https:\/\/supereggs.ro\/wp-content\/uploads\/2025\/05\/praf-de-oua-18x12.webp 18w\" sizes=\"(max-width: 800px) 100vw, 800px\" \/>\t\t\t\t\t\t\t\t\t\t\t\t\t\t\t<\/div>\n\t\t\t\t<\/div>\n\t\t\t\t<div class=\"elementor-element elementor-element-f94de77 elementor-widget elementor-widget-heading\" data-id=\"f94de77\" data-element_type=\"widget\" data-widget_type=\"heading.default\">\n\t\t\t\t<div class=\"elementor-widget-container\">\n\t\t\t\t\t<h3 class=\"elementor-heading-title elementor-size-default\">Uova in polvere<\/h3>\t\t\t\t<\/div>\n\t\t\t\t<\/div>\n\t\t\t\t<\/div>\n\t\t<div class=\"elementor-element elementor-element-b0321be e-con-full e-flex e-con e-child\" data-id=\"b0321be\" data-element_type=\"container\">\n\t\t\t\t<div class=\"elementor-element elementor-element-448efe1 elementor-widget elementor-widget-text-editor\" data-id=\"448efe1\" data-element_type=\"widget\" data-widget_type=\"text-editor.default\">\n\t\t\t\t<div class=\"elementor-widget-container\">\n\t\t\t\t\t\t\t\t\t<p>Produciamo uova intere o tuorli in polvere, confezionati in modo efficiente per l'industria e ottenuti attraverso un processo completamente controllato, dall'allevamento al prodotto finale.<\/p>\t\t\t\t\t\t\t\t<\/div>\n\t\t\t\t<\/div>\n\t\t\t\t<div class=\"elementor-element elementor-element-f654ea0 elementor-widget-divider--view-line elementor-widget elementor-widget-divider\" data-id=\"f654ea0\" data-element_type=\"widget\" data-widget_type=\"divider.default\">\n\t\t\t\t<div class=\"elementor-widget-container\">\n\t\t\t\t\t\t\t<div class=\"elementor-divider\">\n\t\t\t<span class=\"elementor-divider-separator\">\n\t\t\t\t\t\t<\/span>\n\t\t<\/div>\n\t\t\t\t\t\t<\/div>\n\t\t\t\t<\/div>\n\t\t\t\t<div class=\"elementor-element elementor-element-b3a9500 elementor-align-justify elementor-widget elementor-widget-button\" data-id=\"b3a9500\" data-element_type=\"widget\" data-widget_type=\"button.default\">\n\t\t\t\t<div class=\"elementor-widget-container\">\n\t\t\t\t\t\t\t\t\t<div class=\"elementor-button-wrapper\">\n\t\t\t\t\t<a class=\"elementor-button elementor-button-link elementor-size-sm\" href=\"\/it\/prodotti\/uova-in-polvere\/\">\n\t\t\t\t\t\t<span class=\"elementor-button-content-wrapper\">\n\t\t\t\t\t\t<span class=\"elementor-button-icon\">\n\t\t\t\t<svg aria-hidden=\"true\" class=\"e-font-icon-svg e-fas-arrow-circle-right\" viewbox=\"0 0 512 512\" xmlns=\"http:\/\/www.w3.org\/2000\/svg\"><path d=\"M256 8c137 0 248 111 248 248S393 504 256 504 8 393 8 256 119 8 256 8zm-28.9 143.6l75.5 72.4H120c-13.3 0-24 10.7-24 24v16c0 13.3 10.7 24 24 24h182.6l-75.5 72.4c-9.7 9.3-9.9 24.8-.4 34.3l11 10.9c9.4 9.4 24.6 9.4 33.9 0L404.3 273c9.4-9.4 9.4-24.6 0-33.9L271.6 106.3c-9.4-9.4-24.6-9.4-33.9 0l-11 10.9c-9.5 9.6-9.3 25.1.4 34.4z\"><\/path><\/svg>\t\t\t<\/span>\n\t\t\t\t\t\t\t\t\t<span class=\"elementor-button-text\">Leggi qui<\/span>\n\t\t\t\t\t<\/span>\n\t\t\t\t\t<\/a>\n\t\t\t\t<\/div>\n\t\t\t\t\t\t\t\t<\/div>\n\t\t\t\t<\/div>\n\t\t\t\t<\/div>\n\t\t\t\t<\/div>\n\t\t\t\t<\/div>\n\t\t<div class=\"elementor-element elementor-element-b8e4f1f e-con-full e-flex e-con e-child\" data-id=\"b8e4f1f\" data-element_type=\"container\">\n\t\t\t\t<div class=\"elementor-element elementor-element-2ed8d5d elementor-widget elementor-widget-heading\" data-id=\"2ed8d5d\" data-element_type=\"widget\" data-widget_type=\"heading.default\">\n\t\t\t\t<div class=\"elementor-widget-container\">\n\t\t\t\t\t<h3 class=\"elementor-heading-title elementor-size-default\">Facciamo parte del Gruppo Eurovo e ci dedichiamo alla produzione di uova e prodotti a base di uova sicuri, gustosi e ottenuti in modo responsabile, attraverso il controllo completo di ogni fase del processo.<\/h3>\t\t\t\t<\/div>\n\t\t\t\t<\/div>\n\t\t\t\t<\/div>\n\t\t\t\t\t<\/div>\n\t\t\t\t<\/section>\n\t\t\t\t<\/div>","protected":false},"excerpt":{"rendered":"<p>Ne dedic\u0103m s\u0103 aducem pe masa ta un produs curat, gustos \u0219i responsabil Super Eggs \u00eenseamn\u0103 ou\u0103 de \u00eencredere, provenite din ferme unde etica, calitatea \u0219i grija pentru animale se simt \u00een fiecare detaliu. La Super Eggs, ou\u0103le \u00eencep cu grij\u0103 \u2013 pentru p\u0103s\u0103ri, pentru natur\u0103 \u0219i pentru tine. Ou\u0103 ambalate Ambal\u0103m ou\u0103le cu grij\u0103, [&hellip;]<\/p>","protected":false},"author":1,"featured_media":0,"parent":0,"menu_order":3,"comment_status":"closed","ping_status":"closed","template":"","meta":{"footnotes":""},"class_list":["post-1594","page","type-page","status-publish","hentry"],"_links":{"self":[{"href":"https:\/\/supereggs.ro\/it\/wp-json\/wp\/v2\/pages\/1594","targetHints":{"allow":["GET"]}}],"collection":[{"href":"https:\/\/supereggs.ro\/it\/wp-json\/wp\/v2\/pages"}],"about":[{"href":"https:\/\/supereggs.ro\/it\/wp-json\/wp\/v2\/types\/page"}],"author":[{"embeddable":true,"href":"https:\/\/supereggs.ro\/it\/wp-json\/wp\/v2\/users\/1"}],"replies":[{"embeddable":true,"href":"https:\/\/supereggs.ro\/it\/wp-json\/wp\/v2\/comments?post=1594"}],"version-history":[{"count":0,"href":"https:\/\/supereggs.ro\/it\/wp-json\/wp\/v2\/pages\/1594\/revisions"}],"wp:attachment":[{"href":"https:\/\/supereggs.ro\/it\/wp-json\/wp\/v2\/media?parent=1594"}],"curies":[{"name":"wp","href":"https:\/\/api.w.org\/{rel}","templated":true}]}}