{"id":800,"date":"2025-04-11T11:53:54","date_gmt":"2025-04-11T11:53:54","guid":{"rendered":"https:\/\/supereggs.ro\/?page_id=800"},"modified":"2025-05-01T09:57:03","modified_gmt":"2025-05-01T09:57:03","slug":"politica-dei-cookie","status":"publish","type":"page","link":"https:\/\/supereggs.ro\/it\/politica-dei-cookie\/","title":{"rendered":"Politica dei cookie"},"content":{"rendered":"<div data-elementor-type=\"wp-page\" data-elementor-id=\"800\" class=\"elementor elementor-800\" data-elementor-post-type=\"page\">\n\t\t\t\t<section class=\"elementor-element elementor-element-26a6239 section-xxs e-flex e-con-boxed e-con e-parent\" data-id=\"26a6239\" data-element_type=\"container\" data-settings=\"{&quot;background_background&quot;:&quot;classic&quot;}\">\n\t\t\t\t\t<div class=\"e-con-inner\">\n\t\t<div class=\"elementor-element elementor-element-c79cc78 e-con-full e-flex e-con e-child\" data-id=\"c79cc78\" data-element_type=\"container\" data-settings=\"{&quot;background_background&quot;:&quot;classic&quot;}\">\n\t\t\t\t<div class=\"elementor-element elementor-element-64cfcbb elementor-widget elementor-widget-heading\" data-id=\"64cfcbb\" data-element_type=\"widget\" data-widget_type=\"heading.default\">\n\t\t\t\t<div class=\"elementor-widget-container\">\n\t\t\t\t\t<h1 class=\"elementor-heading-title elementor-size-default\">Politica dei cookie<\/h1>\t\t\t\t<\/div>\n\t\t\t\t<\/div>\n\t\t\t\t<div class=\"elementor-element elementor-element-3ab55f0 elementor-widget elementor-widget-text-editor\" data-id=\"3ab55f0\" data-element_type=\"widget\" data-widget_type=\"text-editor.default\">\n\t\t\t\t<div class=\"elementor-widget-container\">\n\t\t\t\t\t\t\t\t\t<p>Utilizziamo i cookie per migliorare la vostra esperienza sul sito web. Scoprite come e perch\u00e9 li utilizziamo.<\/p>\t\t\t\t\t\t\t\t<\/div>\n\t\t\t\t<\/div>\n\t\t\t\t<\/div>\n\t\t<div class=\"elementor-element elementor-element-d043d06 e-con-full e-flex e-con e-child\" data-id=\"d043d06\" data-element_type=\"container\" data-settings=\"{&quot;background_background&quot;:&quot;classic&quot;}\">\n\t\t\t\t<div class=\"elementor-element elementor-element-ebf789e elementor-widget elementor-widget-heading\" data-id=\"ebf789e\" data-element_type=\"widget\" data-widget_type=\"heading.default\">\n\t\t\t\t<div class=\"elementor-widget-container\">\n\t\t\t\t\t<h2 class=\"elementor-heading-title elementor-size-default\">GDPR<\/h2>\t\t\t\t<\/div>\n\t\t\t\t<\/div>\n\t\t\t\t<\/div>\n\t\t\t\t\t<\/div>\n\t\t\t\t<\/section>\n\t\t<section class=\"elementor-element elementor-element-7e2a129 section-xxs e-flex e-con-boxed e-con e-parent\" data-id=\"7e2a129\" data-element_type=\"container\">\n\t\t\t\t\t<div class=\"e-con-inner\">\n\t\t\t\t<div class=\"elementor-element elementor-element-47a1efa elementor-widget elementor-widget-text-editor\" data-id=\"47a1efa\" data-element_type=\"widget\" data-widget_type=\"text-editor.default\">\n\t\t\t\t<div class=\"elementor-widget-container\">\n\t\t\t\t\t\t\t\t\t<h5><strong>Gentile cliente,<\/strong><\/h5><p>supereggs.ro utilizza i cookie per garantire una piacevole esperienza di navigazione e per fornire all'utente comodi servizi online (ad esempio, preferenze sulla privacy online, opzioni sulla lingua del sito, ecc.)<\/p><p>Poich\u00e9 Super Eggs tiene alla trasparenza nei vostri confronti, ecco alcune informazioni utili sui cookie utilizzati su www.supereggs.ro.<\/p>\t\t\t\t\t\t\t\t<\/div>\n\t\t\t\t<\/div>\n\t\t\t\t<div class=\"elementor-element elementor-element-493bb52 elementor-widget elementor-widget-heading\" data-id=\"493bb52\" data-element_type=\"widget\" data-widget_type=\"heading.default\">\n\t\t\t\t<div class=\"elementor-widget-container\">\n\t\t\t\t\t<h2 class=\"elementor-heading-title elementor-size-default\">Che cos'\u00e8 un cookie?<\/h2>\t\t\t\t<\/div>\n\t\t\t\t<\/div>\n\t\t\t\t<div class=\"elementor-element elementor-element-6c66106 elementor-widget elementor-widget-text-editor\" data-id=\"6c66106\" data-element_type=\"widget\" data-widget_type=\"text-editor.default\">\n\t\t\t\t<div class=\"elementor-widget-container\">\n\t\t\t\t\t\t\t\t\t<p>Cerchiamo di rendere la vostra esperienza il pi\u00f9 semplice e utile possibile quando interagite con supereggs.ro. Quando visitate il sito web supereggs.ro, il nostro server invia un cookie al vostro computer. I cookie sono utilizzati per memorizzare informazioni e talvolta per tracciare informazioni sull'utilizzo del sito. Alcuni cookie scadono alla chiusura del browser, mentre altri sono utilizzati per ricordare determinate informazioni per la vostra prossima visita a supereggs.it e scadono dopo un periodo di tempo pi\u00f9 lungo.<\/p><p>I cookie possono essere impostati dal sito web visitato dall'utente (\u201ccookie di prima parte\u201d) o possono essere impostati da altri siti web che visualizzano informazioni sulla pagina visitata dall'utente (\u201ccookie di terze parti\u201d).<\/p>\t\t\t\t\t\t\t\t<\/div>\n\t\t\t\t<\/div>\n\t\t\t\t<div class=\"elementor-element elementor-element-2e94029 elementor-widget elementor-widget-heading\" data-id=\"2e94029\" data-element_type=\"widget\" data-widget_type=\"heading.default\">\n\t\t\t\t<div class=\"elementor-widget-container\">\n\t\t\t\t\t<h2 class=\"elementor-heading-title elementor-size-default\">Come utilizziamo i cookie?<\/h2>\t\t\t\t<\/div>\n\t\t\t\t<\/div>\n\t\t\t\t<div class=\"elementor-element elementor-element-61725a3 elementor-widget elementor-widget-text-editor\" data-id=\"61725a3\" data-element_type=\"widget\" data-widget_type=\"text-editor.default\">\n\t\t\t\t<div class=\"elementor-widget-container\">\n\t\t\t\t\t\t\t\t\t<p>Utilizziamo i cookie per:<br \/>- Ricordare che ci avete visitato in precedenza ci permette di identificare il numero di visitatori unici che riceviamo, consentendoci di essere certi di disporre di risorse sufficienti in base al numero di visite.<br \/>- personalizzare gli elementi commerciali del nostro sito web.<br \/>- raccogliere statistiche anonime sull'utilizzo del sito (compreso il tempo che un utente trascorre sul sito) e sulla provenienza dei nostri visitatori, in modo da poter migliorare il sito e scoprire quali sono le categorie pi\u00f9 visitate<\/p><p>Alcuni dei cookie utilizzati dal nostro sito web sono impostati da noi, mentre altri sono impostati da terze parti che forniscono servizi per noi.<\/p>\t\t\t\t\t\t\t\t<\/div>\n\t\t\t\t<\/div>\n\t\t\t\t<div class=\"elementor-element elementor-element-6b95f65 elementor-widget elementor-widget-heading\" data-id=\"6b95f65\" data-element_type=\"widget\" data-widget_type=\"heading.default\">\n\t\t\t\t<div class=\"elementor-widget-container\">\n\t\t\t\t\t<h2 class=\"elementor-heading-title elementor-size-default\">Come posso gestire i cookie?<\/h2>\t\t\t\t<\/div>\n\t\t\t\t<\/div>\n\t\t\t\t<div class=\"elementor-element elementor-element-8317647 elementor-widget elementor-widget-text-editor\" data-id=\"8317647\" data-element_type=\"widget\" data-widget_type=\"text-editor.default\">\n\t\t\t\t<div class=\"elementor-widget-container\">\n\t\t\t\t\t\t\t\t\t<p>La maggior parte dei browser, degli smartphone e degli altri dispositivi connessi a Internet sono impostati per accettare i cookie.<\/p><p>L'utente ha a disposizione diverse opzioni per gestire i cookie. \u00c8 possibile modificare le impostazioni del browser per impedire l'accettazione dei cookie o, a seconda del browser utilizzato, ricevere un avviso quando un sito web tenta di inserire un cookie nel browser. Con la maggior parte dei browser \u00e8 possibile accettare i cookie del sito web di origine (cookie di prima parte) e rifiutare i cookie di un altro sito web (cookie di terza parte).<\/p><p>\u00c8 possibile eliminare i cookie memorizzati nel browser utilizzando una funzione del browser stesso. Questo non significa che il vostro browser smetter\u00e0 di raccogliere cookie in futuro, ma vi d\u00e0 la libert\u00e0 di eliminare i cookie dopo essere stati online.<\/p><p>L'eliminazione dei cookie su un dispositivo non li elimina automaticamente su un altro dispositivo utilizzato. \u00c8 necessario eliminare tutte le informazioni da tutti i browser e da tutti i dispositivi utilizzati, indipendentemente.<\/p><p>Le informazioni sul controllo dei cookie sono disponibili qui: <a href=\"https:\/\/aboutcookies.org\" target=\"_blank\" rel=\"noopener\">www.aboutcookies.org<\/a>.<\/p><p>Si noti che bloccando o eliminando i cookie utilizzati da questo sito, non sar\u00e0 possibile sfruttare appieno tutti i vantaggi offerti da supereggs.ro.<\/p>\t\t\t\t\t\t\t\t<\/div>\n\t\t\t\t<\/div>\n\t\t\t\t<div class=\"elementor-element elementor-element-4d2576c elementor-widget elementor-widget-heading\" data-id=\"4d2576c\" data-element_type=\"widget\" data-widget_type=\"heading.default\">\n\t\t\t\t<div class=\"elementor-widget-container\">\n\t\t\t\t\t<h3 class=\"elementor-heading-title elementor-size-default\">Devo accettare i cookie?<\/h3>\t\t\t\t<\/div>\n\t\t\t\t<\/div>\n\t\t\t\t<div class=\"elementor-element elementor-element-9559b13 elementor-widget elementor-widget-text-editor\" data-id=\"9559b13\" data-element_type=\"widget\" data-widget_type=\"text-editor.default\">\n\t\t\t\t<div class=\"elementor-widget-container\">\n\t\t\t\t\t\t\t\t\t<p>Per poter sfruttare appieno il sito web, il vostro browser deve accettare i cookie; alcune funzionalit\u00e0 non saranno utilizzabili se non accettate i cookie. I cookie sono utilizzati per fornire un'esperienza personalizzata sul vostro computer, tablet, smartphone, ecc.<\/p>\t\t\t\t\t\t\t\t<\/div>\n\t\t\t\t<\/div>\n\t\t\t\t<div class=\"elementor-element elementor-element-574e765 elementor-widget elementor-widget-heading\" data-id=\"574e765\" data-element_type=\"widget\" data-widget_type=\"heading.default\">\n\t\t\t\t<div class=\"elementor-widget-container\">\n\t\t\t\t\t<h4 class=\"elementor-heading-title elementor-size-default\">I cookie contengono informazioni personali?<\/h4>\t\t\t\t<\/div>\n\t\t\t\t<\/div>\n\t\t\t\t<div class=\"elementor-element elementor-element-05f5182 elementor-widget elementor-widget-text-editor\" data-id=\"05f5182\" data-element_type=\"widget\" data-widget_type=\"text-editor.default\">\n\t\t\t\t<div class=\"elementor-widget-container\">\n\t\t\t\t\t\t\t\t\t<p>I cookie non contengono informazioni riservate come l'indirizzo, il numero di telefono o i dati della carta di credito.<\/p>\t\t\t\t\t\t\t\t<\/div>\n\t\t\t\t<\/div>\n\t\t\t\t<div class=\"elementor-element elementor-element-4f6781b elementor-widget elementor-widget-heading\" data-id=\"4f6781b\" data-element_type=\"widget\" data-widget_type=\"heading.default\">\n\t\t\t\t<div class=\"elementor-widget-container\">\n\t\t\t\t\t<h4 class=\"elementor-heading-title elementor-size-default\">COOKIE UTILIZZATI IN QUESTO SITO WEB<\/h4>\t\t\t\t<\/div>\n\t\t\t\t<\/div>\n\t\t\t\t<div class=\"elementor-element elementor-element-5b9827b elementor-widget elementor-widget-text-editor\" data-id=\"5b9827b\" data-element_type=\"widget\" data-widget_type=\"text-editor.default\">\n\t\t\t\t<div class=\"elementor-widget-container\">\n\t\t\t\t\t\t\t\t\t<p>Questo \u00e8 un elenco dei principali cookie che utilizziamo:<\/p><p>BC_Bandwith - Questi cookie consentono di visualizzare i file video.<\/p><p><strong>_ga, _gat, shoppingToolAction, __ywtfpcsuid, __ywtfpcvuid<\/strong><\/p><p>Questi cookie abilitano Google Analytics. <br \/>Questo ci permette di generare statistiche sul numero di visitatori, sul browser utilizzato e sulle risposte agli elementi di marketing presenti sul sito. Queste informazioni ci permettono di monitorare le prestazioni del sito e di migliorarne la qualit\u00e0.<\/p><p>Super Eggs utilizza diversi altri siti web per offrire e migliorare alcuni servizi. I cookie di terze parti sono impostati da un dominio diverso da quello che state visitando.<\/p><p><strong>__utma, __utmb, __utmc, __utmz<\/strong><\/p><p>Google Analytics ci aiuta a capire come i clienti navigano sul nostro sito web. Questi cookie consentono l'analisi di Google.<\/p>\t\t\t\t\t\t\t\t<\/div>\n\t\t\t\t<\/div>\n\t\t\t\t\t<\/div>\n\t\t\t\t<\/section>\n\t\t\t\t<\/div>","protected":false},"excerpt":{"rendered":"<p>Folosim cookie-uri pentru a \u00eembun\u0103t\u0103\u021bi experien\u021ba ta pe site. Afl\u0103 mai multe despre cum \u0219i de ce le folosim. GDPR Stimate client, supereggs.ro folose\u015fte cookie-uri pentru a v\u0103 asigura o experien\u0163\u0103 pl\u0103cut\u0103 de navigare \u015fi pentru a oferi servicii online confortabile (de exemplu: preferin\u0163ele \u00een materie de confiden\u0163ialitate online, op\u0163iunile privind limba site-ului, etc.). Deoarece [&hellip;]<\/p>","protected":false},"author":1,"featured_media":0,"parent":0,"menu_order":9,"comment_status":"closed","ping_status":"closed","template":"","meta":{"footnotes":""},"class_list":["post-800","page","type-page","status-publish","hentry"],"_links":{"self":[{"href":"https:\/\/supereggs.ro\/it\/wp-json\/wp\/v2\/pages\/800","targetHints":{"allow":["GET"]}}],"collection":[{"href":"https:\/\/supereggs.ro\/it\/wp-json\/wp\/v2\/pages"}],"about":[{"href":"https:\/\/supereggs.ro\/it\/wp-json\/wp\/v2\/types\/page"}],"author":[{"embeddable":true,"href":"https:\/\/supereggs.ro\/it\/wp-json\/wp\/v2\/users\/1"}],"replies":[{"embeddable":true,"href":"https:\/\/supereggs.ro\/it\/wp-json\/wp\/v2\/comments?post=800"}],"version-history":[{"count":0,"href":"https:\/\/supereggs.ro\/it\/wp-json\/wp\/v2\/pages\/800\/revisions"}],"wp:attachment":[{"href":"https:\/\/supereggs.ro\/it\/wp-json\/wp\/v2\/media?parent=800"}],"curies":[{"name":"wp","href":"https:\/\/api.w.org\/{rel}","templated":true}]}}